{"id":5212,"date":"2021-08-25T07:26:28","date_gmt":"2021-08-25T07:26:28","guid":{"rendered":"http:\/\/dummy.xtemos.com\/woodmart2\/?page_id=5212"},"modified":"2025-03-30T16:53:21","modified_gmt":"2025-03-30T16:53:21","slug":"about-us-3","status":"publish","type":"page","link":"https:\/\/monumentevip.md\/ru\/about-us-3\/","title":{"rendered":"Despre Companie"},"content":{"rendered":"<div class=\"wpb-content-wrapper\"><div data-vc-full-width=\"true\" data-vc-full-width-init=\"false\" class=\"vc_row wpb_row vc_row-fluid vc_custom_1629876973406 vc_row-has-fill vc_row-o-content-middle vc_row-flex wd-rs-6125f2d9a9f9b\"><div class=\"wpb_column vc_column_container vc_col-sm-12 vc_col-lg-4 vc_col-md-4 vc_col-xs-12 wd-rs-6125f2fa74bd9\"><div class=\"vc_column-inner vc_custom_1629876989711\"><div class=\"wpb_wrapper\">\n\t\t<div id=\"wd-67b34e2d93d8d\" class=\"title-wrapper wd-wpb set-mb-s reset-last-child  wd-rs-67b34e2d93d8d wd-title-color-primary wd-title-style-default text-left vc_custom_1739804214723 wd-width-enabled wd-underline-colored\" style=\"--wd-max-width: 90%;\">\n\t\t\t\n\t\t\t<div class=\"liner-continer\">\n\t\t\t\t<h4 class=\"woodmart-title-container title  wd-font-weight- wd-fontsize-xxl\" >Despre Companie<\/h4>\n\t\t\t\t\t\t\t<\/div>\n\t\t\t\n\t\t\t\n\t\t\t\n\t\t<\/div>\n\t\t\n\t\t<\/div><\/div><\/div><div class=\"wpb_column vc_column_container vc_col-sm-6 vc_col-lg-offset-1 vc_col-lg-3 vc_col-md-4 wd-rs-6125f2f5a2779\"><div class=\"vc_column-inner vc_custom_1629876984854\"><div class=\"wpb_wrapper\">\t\t\t<div class=\"info-box-wrapper\">\n\t\t\t\t<div id=\"wd-67b34e0941cc5\" class=\"wd-rs-67b34e0941cc5 cursor-pointer wd-info-box wd-wpb text-left box-icon-align-left box-style- color-scheme- wd-bg-none wd-items-top vc_custom_1739804173699\"  onclick=\"window.location.href=&quot;#&quot;\"  >\n\t\t\t\t\t\t\t\t\t\t<div class=\"info-box-content\">\n\t\t\t\t\t\t<h4 class=\"info-box-title title wd-font-weight- box-title-style-default wd-fontsize-m\">Cost 0<br \/>\nrepatriere deceda\u0163i<\/h4>\t\t\t\t\t\t<div class=\"info-box-inner set-cont-mb-s reset-last-child\">\n\t\t\t\t\t\t\t<\/p>\n<div class=\"box-card\">\n<p>Putem efectua repatrierea persoanei dragi la costuri 0 pentru dumneavoastr\u0103, dac\u0103 persoana decedat\u0103 a fost titulara unei poli\u0163e de asigurare de via\u0163\u0103. Noi ne vom ocupa de toate formalit\u0103\u0163ile \u015fi ne vom recupera cheltuielile direct de la asigurator.<\/p>\n<\/div>\n<p>\n\t\t\t\t\t\t<\/div>\n\n\t\t\t\t\t\t\t\t\t\t\t<\/div>\n\n\t\t\t\t\t\t\t\t\t<\/div>\n\t\t\t<\/div>\n\t\t<\/div><\/div><\/div><div class=\"wpb_column vc_column_container vc_col-sm-6 vc_col-lg-offset-1 vc_col-lg-3 vc_col-md-4 wd-rs-6125f2efc6c08\"><div class=\"vc_column-inner vc_custom_1629876980184\"><div class=\"wpb_wrapper\">\t\t\t<div class=\"info-box-wrapper\">\n\t\t\t\t<div id=\"wd-67b34e111b691\" class=\"wd-rs-67b34e111b691 cursor-pointer wd-info-box wd-wpb text-left box-icon-align-left box-style- color-scheme- wd-bg-none wd-items-top vc_custom_1739804181313\"  onclick=\"window.location.href=&quot;#&quot;\"  >\n\t\t\t\t\t\t\t\t\t\t<div class=\"info-box-content\">\n\t\t\t\t\t\t<h4 class=\"info-box-title title wd-font-weight- box-title-style-default wd-fontsize-m\">Promptitudine \u0219i<br \/>\nprofesionalism<\/h4>\t\t\t\t\t\t<div class=\"info-box-inner set-cont-mb-s reset-last-child\">\n\t\t\t\t\t\t\t<\/p>\n<div class=\"box-card\">\n<p>Promtitudinea este unul dintre punctele noastre forte. Logistica \u0219i personalul nostru cu experien\u021b\u0103 \u00een domeniu ne permit \u00eentocmirea tuturor actelor necesare \u0219i efectuarea serviciului de repatrieri deceda\u021bi \u00eentr-un timp foarte scurt, cu maxim de profesionalism.<\/p>\n<\/div>\n<div class=\"box-card-head\"><\/div>\n<p>\n\t\t\t\t\t\t<\/div>\n\n\t\t\t\t\t\t\t\t\t\t\t<\/div>\n\n\t\t\t\t\t\t\t\t\t<\/div>\n\t\t\t<\/div>\n\t\t<\/div><\/div><\/div><\/div><div class=\"vc_row-full-width vc_clearfix\"><\/div><div class=\"vc_row wpb_row vc_row-fluid vc_custom_1629877038080 row-reverse-mobile row-reverse-tablet wd-rs-6125f32826e3d\"><div class=\"wpb_column vc_column_container vc_col-sm-8 vc_col-lg-6 vc_col-md-6 wd-rs-6125f30edad72\"><div class=\"vc_column-inner vc_custom_1629877010833\"><div class=\"wpb_wrapper\">\t\t<div id=\"wd-67e976cb94d93\" class=\"wd-image wd-wpb wd-rs-67e976cb94d93 text-left vc_custom_1743353586348\">\n\t\t\t\n\t\t\t<img loading=\"lazy\" decoding=\"async\" width=\"1280\" height=\"935\" src=\"https:\/\/monumentevip.md\/wp-content\/uploads\/2025\/02\/1654664676413_default.jpeg\" class=\"attachment-full\" alt=\"\" title=\"hasWatermark\" srcset=\"https:\/\/monumentevip.md\/wp-content\/uploads\/2025\/02\/1654664676413_default.jpeg 1280w, https:\/\/monumentevip.md\/wp-content\/uploads\/2025\/02\/1654664676413_default-400x292.jpeg 400w, https:\/\/monumentevip.md\/wp-content\/uploads\/2025\/02\/1654664676413_default-1095x800.jpeg 1095w, https:\/\/monumentevip.md\/wp-content\/uploads\/2025\/02\/1654664676413_default-768x561.jpeg 768w, https:\/\/monumentevip.md\/wp-content\/uploads\/2025\/02\/1654664676413_default-860x628.jpeg 860w, https:\/\/monumentevip.md\/wp-content\/uploads\/2025\/02\/1654664676413_default-430x314.jpeg 430w, https:\/\/monumentevip.md\/wp-content\/uploads\/2025\/02\/1654664676413_default-700x511.jpeg 700w, https:\/\/monumentevip.md\/wp-content\/uploads\/2025\/02\/1654664676413_default-150x110.jpeg 150w\" sizes=\"auto, (max-width: 1280px) 100vw, 1280px\" \/>\n\t\t\t\t\t<\/div>\n\t\t<\/div><\/div><\/div><div class=\"wpb_column vc_column_container vc_col-sm-4 vc_col-lg-offset-1 vc_col-lg-5 vc_col-md-6 vc_col-xs-12 wd-rs-6125f320eb687\"><div class=\"vc_column-inner vc_custom_1629877027060\"><div class=\"wpb_wrapper\">\n\t\t<div id=\"wd-67b34dd3a6e96\" class=\"title-wrapper wd-wpb set-mb-s reset-last-child  wd-rs-67b34dd3a6e96 wd-title-color-primary wd-title-style-default text-left vc_custom_1739804138036 wd-underline-colored\">\n\t\t\t\n\t\t\t<div class=\"liner-continer\">\n\t\t\t\t<h4 class=\"woodmart-title-container title  wd-font-weight- wd-fontsize-xxl\" >De ce s\u0103 alege\u021bi serviciile noastre?<\/h4>\n\t\t\t\t\t\t\t<\/div>\n\t\t\t\n\t\t\t\n\t\t\t\n\t\t<\/div>\n\t\t\n\t\t\t\t<div id=\"wd-67e976b685e37\" class=\"wd-text-block wd-wpb reset-last-child wd-rs-67e976b685e37 text-left wd-fontsize-custom vc_custom_1743353532040\">\n\t\t\t<p><strong>MonumenteVip.md<\/strong> este o companie specializat\u0103 \u00een confec\u021bionarea monumentelor funerare \u0219i furnizarea de servicii funerare complete, inclusiv realizarea de monumente \u0219i cavouri funerare \u00een Chi\u0219in\u0103u \u0219i \u00een \u00eentreaga Moldov\u0103.<\/p>\n<p>Reprezent\u0103m una dintre cele mai mari re\u021bele comerciale din domeniu, cu birouri \u00een Chi\u0219in\u0103u, Orhei, B\u0103l\u021bi, Cimi\u0219lia \u0219i Nisporeni. Pentru zonele din Moldova unde nu avem birouri, punem la dispozi\u021bie un serviciu de comand\u0103 online. Livrarea este gratuit\u0103 pe \u00eentreg teritoriul Republicii Moldova.<\/p>\n<p>Oferim monumente funerare de \u00eenalt\u0103 calitate, realizate din granit \u0219i marmur\u0103, cele mai durabile \u0219i fiabile pietre care asigur\u0103 un raport optim \u00eentre pre\u021b \u0219i calitate.<\/p>\n<p>\u00cen plus, comercializ\u0103m o gam\u0103 variat\u0103 de produse funerare: sicrie, cruci, coroane \u0219i alte accesorii funerare esen\u021biale.<\/p>\n<p>Prest\u0103m o palet\u0103 larg\u0103 \u0219i diversificat\u0103 de servicii funerare, disponibile \u00een toat\u0103 Moldova.<\/p>\n<p>De-a lungul timpului, <strong>VipMonumente.md<\/strong> \u0219i-a c\u00e2\u0219tigat \u00eencrederea clien\u021bilor din Chi\u0219in\u0103u, Orhei, B\u0103l\u021bi, Cimi\u0219lia, Nisporeni \u0219i alte localit\u0103\u021bi din Moldova, oferind monumente funerare de calitate superioar\u0103. Suntem aprecia\u021bi \u0219i \u00een ora\u0219e ca H\u00eence\u0219ti, Telene\u0219ti, Rezina, Ungheni, Str\u0103\u0219eni, C\u0103l\u0103ra\u0219i, Anenii Noi, S\u00eengerei, Ocni\u021ba, Edine\u021b, Briceni, F\u0103le\u0219ti, Flore\u0219ti, \u0218tefan Vod\u0103, Leova, Cahul, Comrat, Criuleni, Drochia \u0219i multe altele.<\/p>\n<p>Monumentele \u0219i pietrele funerare produse de <strong>VipMonumente.md<\/strong> sunt apreciate \u0219i de clien\u021bi din \u00eentreaga lume. Avem o experien\u021b\u0103 vast\u0103 \u00een livrarea acestora \u00een \u021b\u0103ri precum Rom\u00e2nia, Italia, Germania, Fran\u021ba, Belgia, Spania, Portugalia, Irlanda \u0219i multe altele.<\/p>\n<p>Suntem dedica\u021bi s\u0103 oferim cele mai bune solu\u021bii funerare, cu profesionalism \u0219i respect fa\u021b\u0103 de amintirile celor dragi.<\/p>\n\t\t<\/div>\n\t\t<\/div><\/div><\/div><\/div><div class=\"vc_row wpb_row vc_row-fluid vc_custom_1629877050232 wd-rs-6125f332edbdf\"><div class=\"wpb_column vc_column_container vc_col-sm-12\"><div class=\"vc_column-inner vc_custom_1615616838746\"><div class=\"wpb_wrapper\">\n\t\t<div id=\"wd-67b34e87c9555\" class=\"title-wrapper wd-wpb set-mb-s reset-last-child  wd-rs-67b34e87c9555 wd-title-color-primary wd-title-style-default text-center  wd-underline-colored\">\n\t\t\t\n\t\t\t<div class=\"liner-continer\">\n\t\t\t\t<h4 class=\"woodmart-title-container title  wd-font-weight- wd-fontsize-xxl\" >Repatrierea deceda\u021bilor \u00een Moldova<\/h4>\n\t\t\t\t\t\t\t<\/div>\n\t\t\t\n\t\t\t\t\t\t\t<div class=\"title-after_title  set-cont-mb-s reset-last-child  wd-fontsize-s\">Convallis ullamcorper aliquet ultrices orci cum vestibulum lobortis erat.<\/div>\n\t\t\t\n\t\t\t\n\t\t<\/div>\n\t\t\n\t\t<\/div><\/div><\/div><\/div><div class=\"vc_row wpb_row vc_row-fluid\"><div class=\"wpb_column vc_column_container vc_col-sm-8\"><div class=\"vc_column-inner\"><div class=\"wpb_wrapper\">\n\t<div class=\"wpb_text_column wpb_content_element\" >\n\t\t<div class=\"wpb_wrapper\">\n\t\t\t<p data-start=\"0\" data-end=\"183\"><strong data-start=\"0\" data-end=\"19\">MonumenteVip.md<\/strong> este o companie cu o experien\u021b\u0103 de 20 de ani \u00een fabricarea monumentelor funerare din granit natural, pietre funerare \u0219i complexe memoriale exclusiviste \u00een Moldova.<\/p>\n<p data-start=\"185\" data-end=\"493\">Pentru confortul clien\u021bilor no\u0219tri, am creat condi\u021bii convenabile care permit comanda rapid\u0103 a produselor dorite, f\u0103r\u0103 a fi nevoie s\u0103 veni\u021bi personal la noi. Pute\u021bi solicita informa\u021bii \u0219i plasa comenzi prin telefon sau e-mail, iar noi v\u0103 vom oferi toate detaliile necesare \u0219i vom r\u0103spunde la \u00eentreb\u0103rile dvs.<\/p>\n<p data-start=\"495\" data-end=\"714\">De-a lungul timpului, <strong data-start=\"517\" data-end=\"536\">VipMonumente.md<\/strong> \u0219i-a c\u00e2\u0219tigat \u00eencrederea \u0219i respectul clien\u021bilor, primind numeroase recenzii pozitive. Suntem recunoscu\u021bi \u00een Moldova pentru principiile noastre de lucru consacrate, care includ:<\/p>\n<ul data-start=\"716\" data-end=\"1122\">\n<li data-start=\"716\" data-end=\"757\">Respectarea dorin\u021belor fiec\u0103rui client;<\/li>\n<li data-start=\"758\" data-end=\"787\">Personal atent \u0219i receptiv;<\/li>\n<li data-start=\"788\" data-end=\"882\">Abordare complet\u0103 a fiec\u0103rui proiect: de la schi\u021b\u0103 p\u00e2n\u0103 la instalarea final\u0103 a monumentului;<\/li>\n<li data-start=\"883\" data-end=\"940\">Utilizarea exclusiv\u0103 a materialelor de \u00eenalt\u0103 calitate;<\/li>\n<li data-start=\"941\" data-end=\"1011\">Execu\u021bia profesional\u0103 a lucr\u0103rilor de gravur\u0103 de orice complexitate;<\/li>\n<li data-start=\"1012\" data-end=\"1077\">Echipa permanent\u0103 format\u0103 din speciali\u0219ti cu \u00eenalt\u0103 calificare;<\/li>\n<li data-start=\"1078\" data-end=\"1122\">Politic\u0103 de pre\u021buri corecte \u0219i accesibile.<\/li>\n<\/ul>\n<p data-start=\"1124\" data-end=\"1422\" data-is-last-node=\"\"><strong data-start=\"1124\" data-end=\"1143\">VipMonumente.md<\/strong> garanteaz\u0103 calitatea lucr\u0103rilor noastre pe o perioad\u0103 de 20 de ani, asigur\u00e2ndu-v\u0103 c\u0103 fiecare proiect, de la realizarea schi\u021bei \u0219i inscrip\u021biei, p\u00e2n\u0103 la instalarea monumentului \u00een orice cimitir din Moldova, va fi executat cu profesionalism \u0219i respect pentru amintirea celor dragi.<\/p>\n\n\t\t<\/div>\n\t<\/div>\n<\/div><\/div><\/div><div class=\"wpb_column vc_column_container vc_col-sm-4\"><div class=\"vc_column-inner\"><div class=\"wpb_wrapper\">\n\t<div  class=\"wpb_single_image wpb_content_element vc_align_left\">\n\t\t\n\t\t<figure class=\"wpb_wrapper vc_figure\">\n\t\t\t<div class=\"vc_single_image-wrapper   vc_box_border_grey\"><img loading=\"lazy\" decoding=\"async\" width=\"269\" height=\"360\" src=\"https:\/\/monumentevip.md\/wp-content\/uploads\/2025\/02\/XEpz7xVY8G.jpeg\" class=\"vc_single_image-img attachment-full\" alt=\"\" title=\"XEpz7xVY8G\" srcset=\"https:\/\/monumentevip.md\/wp-content\/uploads\/2025\/02\/XEpz7xVY8G.jpeg 269w, https:\/\/monumentevip.md\/wp-content\/uploads\/2025\/02\/XEpz7xVY8G-224x300.jpeg 224w, https:\/\/monumentevip.md\/wp-content\/uploads\/2025\/02\/XEpz7xVY8G-9x12.jpeg 9w, https:\/\/monumentevip.md\/wp-content\/uploads\/2025\/02\/XEpz7xVY8G-150x201.jpeg 150w\" sizes=\"auto, (max-width: 269px) 100vw, 269px\" \/><\/div>\n\t\t<\/figure>\n\t<\/div>\n<\/div><\/div><\/div><\/div>\n<\/div>","protected":false},"excerpt":{"rendered":"Despre Companie Cost 0 repatriere deceda\u0163i Putem efectua repatrierea persoanei dragi la costuri 0 pentru dumneavoastr\u0103, dac\u0103 persoana decedat\u0103 a","protected":false},"author":1,"featured_media":0,"parent":0,"menu_order":0,"comment_status":"closed","ping_status":"closed","template":"","meta":{"footnotes":""},"class_list":["post-5212","page","type-page","status-publish","hentry"],"yoast_head":"<!-- This site is optimized with the Yoast SEO plugin v24.7 - https:\/\/yoast.com\/wordpress\/plugins\/seo\/ -->\n<title>Despre Companie - MonumenteVIP<\/title>\n<meta name=\"robots\" content=\"index, follow, max-snippet:-1, max-image-preview:large, max-video-preview:-1\" \/>\n<link rel=\"canonical\" href=\"https:\/\/monumentevip.md\/ru\/about-us-3\/\" \/>\n<meta property=\"og:locale\" content=\"ru_RU\" \/>\n<meta property=\"og:type\" content=\"article\" \/>\n<meta property=\"og:title\" content=\"Despre Companie - MonumenteVIP\" \/>\n<meta property=\"og:url\" content=\"https:\/\/monumentevip.md\/ru\/about-us-3\/\" \/>\n<meta property=\"og:site_name\" content=\"MonumenteVIP\" \/>\n<meta property=\"article:modified_time\" content=\"2025-03-30T16:53:21+00:00\" \/>\n<meta name=\"twitter:card\" content=\"summary_large_image\" \/>\n<meta name=\"twitter:label1\" content=\"\u041f\u0440\u0438\u043c\u0435\u0440\u043d\u043e\u0435 \u0432\u0440\u0435\u043c\u044f \u0434\u043b\u044f \u0447\u0442\u0435\u043d\u0438\u044f\" \/>\n\t<meta name=\"twitter:data1\" content=\"5 \u043c\u0438\u043d\u0443\u0442\" \/>\n<script type=\"application\/ld+json\" class=\"yoast-schema-graph\">{\"@context\":\"https:\/\/schema.org\",\"@graph\":[{\"@type\":\"WebPage\",\"@id\":\"https:\/\/monumentevip.md\/about-us-3\/\",\"url\":\"https:\/\/monumentevip.md\/about-us-3\/\",\"name\":\"Despre Companie - MonumenteVIP\",\"isPartOf\":{\"@id\":\"https:\/\/monumentevip.md\/#website\"},\"datePublished\":\"2021-08-25T07:26:28+00:00\",\"dateModified\":\"2025-03-30T16:53:21+00:00\",\"breadcrumb\":{\"@id\":\"https:\/\/monumentevip.md\/about-us-3\/#breadcrumb\"},\"inLanguage\":\"ru-RU\",\"potentialAction\":[{\"@type\":\"ReadAction\",\"target\":[\"https:\/\/monumentevip.md\/about-us-3\/\"]}]},{\"@type\":\"BreadcrumbList\",\"@id\":\"https:\/\/monumentevip.md\/about-us-3\/#breadcrumb\",\"itemListElement\":[{\"@type\":\"ListItem\",\"position\":1,\"name\":\"Prima pagin\u0103\",\"item\":\"https:\/\/monumentevip.md\/\"},{\"@type\":\"ListItem\",\"position\":2,\"name\":\"Despre Companie\"}]},{\"@type\":\"WebSite\",\"@id\":\"https:\/\/monumentevip.md\/#website\",\"url\":\"https:\/\/monumentevip.md\/\",\"name\":\"MonumenteVIP\",\"description\":\"\",\"potentialAction\":[{\"@type\":\"SearchAction\",\"target\":{\"@type\":\"EntryPoint\",\"urlTemplate\":\"https:\/\/monumentevip.md\/?s={search_term_string}\"},\"query-input\":{\"@type\":\"PropertyValueSpecification\",\"valueRequired\":true,\"valueName\":\"search_term_string\"}}],\"inLanguage\":\"ru-RU\"}]}<\/script>\n<!-- \/ Yoast SEO plugin. -->","yoast_head_json":{"title":"Despre Companie - MonumenteVIP","robots":{"index":"index","follow":"follow","max-snippet":"max-snippet:-1","max-image-preview":"max-image-preview:large","max-video-preview":"max-video-preview:-1"},"canonical":"https:\/\/monumentevip.md\/ru\/about-us-3\/","og_locale":"ru_RU","og_type":"article","og_title":"Despre Companie - MonumenteVIP","og_url":"https:\/\/monumentevip.md\/ru\/about-us-3\/","og_site_name":"MonumenteVIP","article_modified_time":"2025-03-30T16:53:21+00:00","twitter_card":"summary_large_image","twitter_misc":{"\u041f\u0440\u0438\u043c\u0435\u0440\u043d\u043e\u0435 \u0432\u0440\u0435\u043c\u044f \u0434\u043b\u044f \u0447\u0442\u0435\u043d\u0438\u044f":"5 \u043c\u0438\u043d\u0443\u0442"},"schema":{"@context":"https:\/\/schema.org","@graph":[{"@type":"WebPage","@id":"https:\/\/monumentevip.md\/about-us-3\/","url":"https:\/\/monumentevip.md\/about-us-3\/","name":"Despre Companie - MonumenteVIP","isPartOf":{"@id":"https:\/\/monumentevip.md\/#website"},"datePublished":"2021-08-25T07:26:28+00:00","dateModified":"2025-03-30T16:53:21+00:00","breadcrumb":{"@id":"https:\/\/monumentevip.md\/about-us-3\/#breadcrumb"},"inLanguage":"ru-RU","potentialAction":[{"@type":"ReadAction","target":["https:\/\/monumentevip.md\/about-us-3\/"]}]},{"@type":"BreadcrumbList","@id":"https:\/\/monumentevip.md\/about-us-3\/#breadcrumb","itemListElement":[{"@type":"ListItem","position":1,"name":"Prima pagin\u0103","item":"https:\/\/monumentevip.md\/"},{"@type":"ListItem","position":2,"name":"Despre Companie"}]},{"@type":"WebSite","@id":"https:\/\/monumentevip.md\/#website","url":"https:\/\/monumentevip.md\/","name":"MonumenteVIP","description":"","potentialAction":[{"@type":"SearchAction","target":{"@type":"EntryPoint","urlTemplate":"https:\/\/monumentevip.md\/?s={search_term_string}"},"query-input":{"@type":"PropertyValueSpecification","valueRequired":true,"valueName":"search_term_string"}}],"inLanguage":"ru-RU"}]}},"_links":{"self":[{"href":"https:\/\/monumentevip.md\/ru\/wp-json\/wp\/v2\/pages\/5212","targetHints":{"allow":["GET"]}}],"collection":[{"href":"https:\/\/monumentevip.md\/ru\/wp-json\/wp\/v2\/pages"}],"about":[{"href":"https:\/\/monumentevip.md\/ru\/wp-json\/wp\/v2\/types\/page"}],"author":[{"embeddable":true,"href":"https:\/\/monumentevip.md\/ru\/wp-json\/wp\/v2\/users\/1"}],"replies":[{"embeddable":true,"href":"https:\/\/monumentevip.md\/ru\/wp-json\/wp\/v2\/comments?post=5212"}],"version-history":[{"count":14,"href":"https:\/\/monumentevip.md\/ru\/wp-json\/wp\/v2\/pages\/5212\/revisions"}],"predecessor-version":[{"id":8028,"href":"https:\/\/monumentevip.md\/ru\/wp-json\/wp\/v2\/pages\/5212\/revisions\/8028"}],"wp:attachment":[{"href":"https:\/\/monumentevip.md\/ru\/wp-json\/wp\/v2\/media?parent=5212"}],"curies":[{"name":"wp","href":"https:\/\/api.w.org\/{rel}","templated":true}]}}