{"id":7184,"date":"2025-02-17T08:13:18","date_gmt":"2025-02-17T08:13:18","guid":{"rendered":"https:\/\/ritual.basme.md\/?page_id=7184"},"modified":"2025-02-17T12:24:14","modified_gmt":"2025-02-17T12:24:14","slug":"coroane-funerare","status":"publish","type":"page","link":"https:\/\/monumentevip.md\/ru\/coroane-funerare\/","title":{"rendered":"Coroane funerare"},"content":{"rendered":"<div class=\"wpb-content-wrapper\"><div data-vc-full-width=\"true\" data-vc-full-width-init=\"false\" class=\"vc_row wpb_row vc_row-fluid vc_custom_1629876973406 vc_row-has-fill vc_row-o-content-middle vc_row-flex wd-rs-6125f2d9a9f9b\"><div class=\"wpb_column vc_column_container vc_col-sm-12 vc_col-lg-4 vc_col-md-4 vc_col-xs-12 wd-rs-6125f2fa74bd9\"><div class=\"vc_column-inner vc_custom_1629876989711\"><div class=\"wpb_wrapper\">\n\t\t<div id=\"wd-67b2f0530c127\" class=\"title-wrapper wd-wpb set-mb-s reset-last-child  wd-rs-67b2f0530c127 wd-title-color-primary wd-title-style-default text-left vc_custom_1739780183032 wd-width-enabled wd-underline-colored\" style=\"--wd-max-width: 90%;\">\n\t\t\t\n\t\t\t<div class=\"liner-continer\">\n\t\t\t\t<h4 class=\"woodmart-title-container title  wd-font-weight- wd-fontsize-xxl\" >Coroane funerare<\/h4>\n\t\t\t\t\t\t\t<\/div>\n\t\t\t\n\t\t\t\t\t\t\t<div class=\"title-after_title  set-cont-mb-s reset-last-child  wd-fontsize-s\">Comanda non-stop Coroane funerare!<\/p>\n<p>Va suntem alaturi in momentele de durere!<\/div>\n\t\t\t\n\t\t\t\n\t\t<\/div>\n\t\t\n\t\t<\/div><\/div><\/div><div class=\"wpb_column vc_column_container vc_col-sm-12\"><div class=\"vc_column-inner\"><div class=\"wpb_wrapper\">\t\t<div id=\"wd-67b2f18b9b8b4\" class=\"wd-text-block wd-wpb reset-last-child wd-rs-67b2f18b9b8b4 text-left wd-fontsize-custom vc_custom_1739780504662\">\n\t\t\t<h1>Comand\u0103 online coroane funerare cu livrare gratuit\u0103 \u00een Chi\u0219in\u0103u<\/h1>\n<p>Tradi\u021bia de a oferi o coroan\u0103 funerar\u0103 din flori vii simbolizeaz\u0103 trecerea sufletului \u00eentr-o alt\u0103 lume \u0219i, \u00een acela\u0219i timp, exprim\u0103 puritatea sentimentelor \u0219i triste\u021bea profund\u0103. Un aranjament floral din cadrul unei compozi\u021bii funerare poate fi realizat rapid de c\u0103tre compania vipmonumente.md. Pentru livrarea \u00een toat\u0103 Republica Moldova, punem la dispozi\u021bie o gam\u0103 variat\u0103 de coroane funerare. Fii al\u0103turi de cei dragi, arat\u0103-le c\u0103 \u00ee\u021bi pas\u0103 \u0219i transmite cele mai sincere condolean\u021be cu o coroan\u0103 funerar\u0103, livrat\u0103 gratuit \u00een Chi\u0219in\u0103u, 24\/7.<\/p>\n\t\t<\/div>\n\t\t<\/div><\/div><\/div><\/div><div class=\"vc_row-full-width vc_clearfix\"><\/div><div class=\"vc_row wpb_row vc_row-fluid vc_custom_1629877038080 row-reverse-mobile row-reverse-tablet wd-rs-6125f32826e3d\"><div class=\"wpb_column vc_column_container vc_col-sm-12 vc_col-lg-6 vc_col-md-6 wd-rs-6125f30edad72\"><div class=\"vc_column-inner vc_custom_1629877010833\"><div class=\"wpb_wrapper\">\t\t<div id=\"wd-67b2f08703349\" class=\"wd-image wd-wpb wd-rs-67b2f08703349 text-left vc_custom_1739780253934\">\n\t\t\t\n\t\t\t<img loading=\"lazy\" decoding=\"async\" width=\"1000\" height=\"1889\" src=\"https:\/\/monumentevip.md\/wp-content\/uploads\/2025\/02\/Coroane-Funerare-Iasi-Rosu-Alb.webp\" class=\"attachment-full\" alt=\"\" title=\"Coroane-Funerare-Iasi-Rosu-Alb\" srcset=\"https:\/\/monumentevip.md\/wp-content\/uploads\/2025\/02\/Coroane-Funerare-Iasi-Rosu-Alb.webp 1000w, https:\/\/monumentevip.md\/wp-content\/uploads\/2025\/02\/Coroane-Funerare-Iasi-Rosu-Alb-159x300.webp 159w, https:\/\/monumentevip.md\/wp-content\/uploads\/2025\/02\/Coroane-Funerare-Iasi-Rosu-Alb-424x800.webp 424w, https:\/\/monumentevip.md\/wp-content\/uploads\/2025\/02\/Coroane-Funerare-Iasi-Rosu-Alb-768x1451.webp 768w, https:\/\/monumentevip.md\/wp-content\/uploads\/2025\/02\/Coroane-Funerare-Iasi-Rosu-Alb-813x1536.webp 813w, https:\/\/monumentevip.md\/wp-content\/uploads\/2025\/02\/Coroane-Funerare-Iasi-Rosu-Alb-6x12.webp 6w, https:\/\/monumentevip.md\/wp-content\/uploads\/2025\/02\/Coroane-Funerare-Iasi-Rosu-Alb-860x1625.webp 860w, https:\/\/monumentevip.md\/wp-content\/uploads\/2025\/02\/Coroane-Funerare-Iasi-Rosu-Alb-430x812.webp 430w, https:\/\/monumentevip.md\/wp-content\/uploads\/2025\/02\/Coroane-Funerare-Iasi-Rosu-Alb-700x1322.webp 700w, https:\/\/monumentevip.md\/wp-content\/uploads\/2025\/02\/Coroane-Funerare-Iasi-Rosu-Alb-150x283.webp 150w\" sizes=\"auto, (max-width: 1000px) 100vw, 1000px\" \/>\n\t\t\t\t\t<\/div>\n\t\t<\/div><\/div><\/div><div class=\"wpb_column vc_column_container vc_col-sm-12 vc_col-lg-offset-1 vc_col-lg-5 vc_col-md-6 vc_col-xs-12 wd-rs-6125f320eb687\"><div class=\"vc_column-inner vc_custom_1629877027060\"><div class=\"wpb_wrapper\">\t\t<div id=\"wd-67b32a5a088c4\" class=\"wd-text-block wd-wpb reset-last-child wd-rs-67b32a5a088c4 text-left wd-fontsize-custom vc_custom_1739795048048\">\n\t\t\t<div class=\"flex-1 overflow-hidden @container\/thread translate-y-&#091;2rem&#093; -mt-&#091;2rem&#093; pb-&#091;1.5rem&#093;\">\n<div class=\"flex h-full flex-col overflow-y-auto\">\n<div class=\"flex flex-col text-sm md:pb-9\">\n<article class=\"w-full text-token-text-primary focus-visible:outline-2 focus-visible:outline-offset-&#091;-4px&#093;\" dir=\"auto\" data-testid=\"conversation-turn-11\" data-scroll-anchor=\"true\">\n<div class=\"m-auto text-base py-&#091;18px&#093; px-6\">\n<div class=\"mx-auto flex flex-1 text-base gap-4 md:gap-5 lg:gap-6 md:max-w-3xl\">\n<div class=\"group\/conversation-turn relative flex w-full min-w-0 flex-col agent-turn @xs\/thread:px-0 @sm\/thread:px-1.5 @md\/thread:px-4\">\n<div class=\"flex-col gap-1 md:gap-3\">\n<div class=\"flex max-w-full flex-col flex-grow\">\n<div class=\"min-h-8 text-message flex w-full flex-col items-end gap-2 whitespace-normal break-words text-start &#091;.text-message+&amp;&#093;:mt-5\" dir=\"auto\" data-message-author-role=\"assistant\" data-message-id=\"2f5869b7-fb2a-4f8b-9f2d-14b931c5d705\" data-message-model-slug=\"gpt-4o-mini\">\n<div class=\"flex w-full flex-col gap-1 empty:hidden first:pt-&#091;3px&#093;\">\n<div class=\"markdown prose w-full break-words dark:prose-invert light\">\n<h2>Comand\u0103 coroane funerare online cu livrare gratuit\u0103 \u00een Chi\u0219in\u0103u \u0219i \u00een toat\u0103 Moldova.<\/h2>\n<h3>Trimite flori funerare 24\/7.<\/h3>\n<p>Coroana funerar\u0103 din flori vii este un simbol al respectului \u0219i al iubirii pentru cei care au plecat dintre noi, un semn al trecerii sufletului \u00eentr-o alt\u0103 lume. La vipmonumente.md, \u00een\u021belegem importan\u021ba unui astfel de gest, motiv pentru care oferim coroane funerare din flori proaspete, realizate cu grij\u0103 \u0219i aten\u021bie. Serviciul nostru de livrare rapid\u0103 \u00ee\u021bi permite s\u0103 transmi\u021bi condolean\u021be celor dragi chiar \u0219i \u00een cele mai dificile momente. Suntem disponibili 24\/7 pentru a asigura livrarea gratuit\u0103 a aranjamentelor funerare \u00een Chi\u0219in\u0103u \u0219i \u00een \u00eentreaga \u021bar\u0103. Fii al\u0103turi de cei care au nevoie de sprijin \u0219i transmite-le cele mai sincere condolean\u021be.<\/p>\n<\/div>\n<\/div>\n<\/div>\n<\/div>\n<\/div>\n<\/div>\n<\/div>\n<\/div>\n<\/article>\n<\/div>\n<\/div>\n<\/div>\n\t\t<\/div>\n\t\t<\/div><\/div><\/div><\/div>\n<\/div>","protected":false},"excerpt":{"rendered":"Coroane funerare Comanda non-stop Coroane funerare! Va suntem alaturi in momentele de durere! Comand\u0103 online coroane funerare cu livrare gratuit\u0103","protected":false},"author":1,"featured_media":0,"parent":0,"menu_order":0,"comment_status":"closed","ping_status":"closed","template":"","meta":{"footnotes":""},"class_list":["post-7184","page","type-page","status-publish","hentry"],"yoast_head":"<!-- This site is optimized with the Yoast SEO plugin v24.7 - https:\/\/yoast.com\/wordpress\/plugins\/seo\/ -->\n<title>Coroane funerare - MonumenteVIP<\/title>\n<meta name=\"robots\" content=\"index, follow, max-snippet:-1, max-image-preview:large, max-video-preview:-1\" \/>\n<link rel=\"canonical\" href=\"https:\/\/monumentevip.md\/ru\/coroane-funerare\/\" \/>\n<meta property=\"og:locale\" content=\"ru_RU\" \/>\n<meta property=\"og:type\" content=\"article\" \/>\n<meta property=\"og:title\" content=\"Coroane funerare - MonumenteVIP\" \/>\n<meta property=\"og:url\" content=\"https:\/\/monumentevip.md\/ru\/coroane-funerare\/\" \/>\n<meta property=\"og:site_name\" content=\"MonumenteVIP\" \/>\n<meta property=\"article:modified_time\" content=\"2025-02-17T12:24:14+00:00\" \/>\n<meta name=\"twitter:card\" content=\"summary_large_image\" \/>\n<meta name=\"twitter:label1\" content=\"\u041f\u0440\u0438\u043c\u0435\u0440\u043d\u043e\u0435 \u0432\u0440\u0435\u043c\u044f \u0434\u043b\u044f \u0447\u0442\u0435\u043d\u0438\u044f\" \/>\n\t<meta name=\"twitter:data1\" content=\"5 \u043c\u0438\u043d\u0443\u0442\" \/>\n<script type=\"application\/ld+json\" class=\"yoast-schema-graph\">{\"@context\":\"https:\/\/schema.org\",\"@graph\":[{\"@type\":\"WebPage\",\"@id\":\"https:\/\/monumentevip.md\/coroane-funerare\/\",\"url\":\"https:\/\/monumentevip.md\/coroane-funerare\/\",\"name\":\"Coroane funerare - MonumenteVIP\",\"isPartOf\":{\"@id\":\"https:\/\/monumentevip.md\/#website\"},\"datePublished\":\"2025-02-17T08:13:18+00:00\",\"dateModified\":\"2025-02-17T12:24:14+00:00\",\"breadcrumb\":{\"@id\":\"https:\/\/monumentevip.md\/coroane-funerare\/#breadcrumb\"},\"inLanguage\":\"ru-RU\",\"potentialAction\":[{\"@type\":\"ReadAction\",\"target\":[\"https:\/\/monumentevip.md\/coroane-funerare\/\"]}]},{\"@type\":\"BreadcrumbList\",\"@id\":\"https:\/\/monumentevip.md\/coroane-funerare\/#breadcrumb\",\"itemListElement\":[{\"@type\":\"ListItem\",\"position\":1,\"name\":\"Prima pagin\u0103\",\"item\":\"https:\/\/monumentevip.md\/\"},{\"@type\":\"ListItem\",\"position\":2,\"name\":\"Coroane funerare\"}]},{\"@type\":\"WebSite\",\"@id\":\"https:\/\/monumentevip.md\/#website\",\"url\":\"https:\/\/monumentevip.md\/\",\"name\":\"MonumenteVIP\",\"description\":\"\",\"potentialAction\":[{\"@type\":\"SearchAction\",\"target\":{\"@type\":\"EntryPoint\",\"urlTemplate\":\"https:\/\/monumentevip.md\/?s={search_term_string}\"},\"query-input\":{\"@type\":\"PropertyValueSpecification\",\"valueRequired\":true,\"valueName\":\"search_term_string\"}}],\"inLanguage\":\"ru-RU\"}]}<\/script>\n<!-- \/ Yoast SEO plugin. -->","yoast_head_json":{"title":"Coroane funerare - MonumenteVIP","robots":{"index":"index","follow":"follow","max-snippet":"max-snippet:-1","max-image-preview":"max-image-preview:large","max-video-preview":"max-video-preview:-1"},"canonical":"https:\/\/monumentevip.md\/ru\/coroane-funerare\/","og_locale":"ru_RU","og_type":"article","og_title":"Coroane funerare - MonumenteVIP","og_url":"https:\/\/monumentevip.md\/ru\/coroane-funerare\/","og_site_name":"MonumenteVIP","article_modified_time":"2025-02-17T12:24:14+00:00","twitter_card":"summary_large_image","twitter_misc":{"\u041f\u0440\u0438\u043c\u0435\u0440\u043d\u043e\u0435 \u0432\u0440\u0435\u043c\u044f \u0434\u043b\u044f \u0447\u0442\u0435\u043d\u0438\u044f":"5 \u043c\u0438\u043d\u0443\u0442"},"schema":{"@context":"https:\/\/schema.org","@graph":[{"@type":"WebPage","@id":"https:\/\/monumentevip.md\/coroane-funerare\/","url":"https:\/\/monumentevip.md\/coroane-funerare\/","name":"Coroane funerare - MonumenteVIP","isPartOf":{"@id":"https:\/\/monumentevip.md\/#website"},"datePublished":"2025-02-17T08:13:18+00:00","dateModified":"2025-02-17T12:24:14+00:00","breadcrumb":{"@id":"https:\/\/monumentevip.md\/coroane-funerare\/#breadcrumb"},"inLanguage":"ru-RU","potentialAction":[{"@type":"ReadAction","target":["https:\/\/monumentevip.md\/coroane-funerare\/"]}]},{"@type":"BreadcrumbList","@id":"https:\/\/monumentevip.md\/coroane-funerare\/#breadcrumb","itemListElement":[{"@type":"ListItem","position":1,"name":"Prima pagin\u0103","item":"https:\/\/monumentevip.md\/"},{"@type":"ListItem","position":2,"name":"Coroane funerare"}]},{"@type":"WebSite","@id":"https:\/\/monumentevip.md\/#website","url":"https:\/\/monumentevip.md\/","name":"MonumenteVIP","description":"","potentialAction":[{"@type":"SearchAction","target":{"@type":"EntryPoint","urlTemplate":"https:\/\/monumentevip.md\/?s={search_term_string}"},"query-input":{"@type":"PropertyValueSpecification","valueRequired":true,"valueName":"search_term_string"}}],"inLanguage":"ru-RU"}]}},"_links":{"self":[{"href":"https:\/\/monumentevip.md\/ru\/wp-json\/wp\/v2\/pages\/7184","targetHints":{"allow":["GET"]}}],"collection":[{"href":"https:\/\/monumentevip.md\/ru\/wp-json\/wp\/v2\/pages"}],"about":[{"href":"https:\/\/monumentevip.md\/ru\/wp-json\/wp\/v2\/types\/page"}],"author":[{"embeddable":true,"href":"https:\/\/monumentevip.md\/ru\/wp-json\/wp\/v2\/users\/1"}],"replies":[{"embeddable":true,"href":"https:\/\/monumentevip.md\/ru\/wp-json\/wp\/v2\/comments?post=7184"}],"version-history":[{"count":7,"href":"https:\/\/monumentevip.md\/ru\/wp-json\/wp\/v2\/pages\/7184\/revisions"}],"predecessor-version":[{"id":7206,"href":"https:\/\/monumentevip.md\/ru\/wp-json\/wp\/v2\/pages\/7184\/revisions\/7206"}],"wp:attachment":[{"href":"https:\/\/monumentevip.md\/ru\/wp-json\/wp\/v2\/media?parent=7184"}],"curies":[{"name":"wp","href":"https:\/\/api.w.org\/{rel}","templated":true}]}}