{"id":7194,"date":"2025-02-17T08:45:20","date_gmt":"2025-02-17T08:45:20","guid":{"rendered":"https:\/\/ritual.basme.md\/?page_id=7194"},"modified":"2025-02-17T09:13:17","modified_gmt":"2025-02-17T09:13:17","slug":"ingrijirea-mormintelor","status":"publish","type":"page","link":"https:\/\/monumentevip.md\/ru\/ingrijirea-mormintelor\/","title":{"rendered":"Ingrijirea mormintelor"},"content":{"rendered":"<div class=\"wpb-content-wrapper\"><div data-vc-full-width=\"true\" data-vc-full-width-init=\"false\" class=\"vc_row wpb_row vc_row-fluid vc_custom_1629876973406 vc_row-has-fill vc_row-o-content-middle vc_row-flex wd-rs-6125f2d9a9f9b\"><div class=\"wpb_column vc_column_container vc_col-sm-12 vc_col-lg-4 vc_col-md-4 vc_col-xs-12 wd-rs-6125f2fa74bd9\"><div class=\"vc_column-inner vc_custom_1629876989711\"><div class=\"wpb_wrapper\">\n\t\t<div id=\"wd-67b2fcd544daa\" class=\"title-wrapper wd-wpb set-mb-s reset-last-child  wd-rs-67b2fcd544daa wd-title-color-primary wd-title-style-default text-left vc_custom_1739783391675 wd-width-enabled wd-underline-colored\" style=\"--wd-max-width: 90%;\">\n\t\t\t\n\t\t\t<div class=\"liner-continer\">\n\t\t\t\t<h4 class=\"woodmart-title-container title  wd-font-weight- wd-fontsize-xxl\" >Ingrijirea mormintelor<\/h4>\n\t\t\t\t\t\t\t<\/div>\n\t\t\t\n\t\t\t\n\t\t\t\n\t\t<\/div>\n\t\t\n\t\t<\/div><\/div><\/div><\/div><div class=\"vc_row-full-width vc_clearfix\"><\/div><div class=\"vc_row wpb_row vc_row-fluid vc_custom_1629877038080 row-reverse-mobile row-reverse-tablet wd-rs-6125f32826e3d\"><div class=\"wpb_column vc_column_container vc_col-sm-12 vc_col-lg-6 vc_col-md-6 wd-rs-6125f30edad72\"><div class=\"vc_column-inner vc_custom_1629877010833\"><div class=\"wpb_wrapper\">\t\t<div id=\"wd-67b2fd076ecb2\" class=\"wd-image wd-wpb wd-rs-67b2fd076ecb2 text-left vc_custom_1739783444456\">\n\t\t\t\n\t\t\t<img loading=\"lazy\" decoding=\"async\" width=\"800\" height=\"600\" src=\"https:\/\/monumentevip.md\/wp-content\/uploads\/2025\/02\/Parohia-Tudor-Vladimirescu-3.jpg\" class=\"attachment-full\" alt=\"\" title=\"Parohia-Tudor-Vladimirescu-3\" srcset=\"https:\/\/monumentevip.md\/wp-content\/uploads\/2025\/02\/Parohia-Tudor-Vladimirescu-3.jpg 800w, https:\/\/monumentevip.md\/wp-content\/uploads\/2025\/02\/Parohia-Tudor-Vladimirescu-3-400x300.jpg 400w, https:\/\/monumentevip.md\/wp-content\/uploads\/2025\/02\/Parohia-Tudor-Vladimirescu-3-768x576.jpg 768w, https:\/\/monumentevip.md\/wp-content\/uploads\/2025\/02\/Parohia-Tudor-Vladimirescu-3-16x12.jpg 16w, https:\/\/monumentevip.md\/wp-content\/uploads\/2025\/02\/Parohia-Tudor-Vladimirescu-3-430x323.jpg 430w, https:\/\/monumentevip.md\/wp-content\/uploads\/2025\/02\/Parohia-Tudor-Vladimirescu-3-700x525.jpg 700w, https:\/\/monumentevip.md\/wp-content\/uploads\/2025\/02\/Parohia-Tudor-Vladimirescu-3-150x113.jpg 150w\" sizes=\"auto, (max-width: 800px) 100vw, 800px\" \/>\n\t\t\t\t\t<\/div>\n\t\t<\/div><\/div><\/div><div class=\"wpb_column vc_column_container vc_col-sm-12 vc_col-lg-offset-1 vc_col-lg-5 vc_col-md-6 vc_col-xs-12 wd-rs-6125f320eb687\"><div class=\"vc_column-inner vc_custom_1629877027060\"><div class=\"wpb_wrapper\">\n\t\t<div id=\"wd-67b2fda4aa706\" class=\"title-wrapper wd-wpb set-mb-s reset-last-child  wd-rs-67b2fda4aa706 wd-title-color-primary wd-title-style-default text-left vc_custom_1739783590498 wd-underline-colored\">\n\t\t\t\n\t\t\t<div class=\"liner-continer\">\n\t\t\t\t<h4 class=\"woodmart-title-container title  wd-font-weight- wd-fontsize-xxl\" >Ingrijirea mormintelor<\/h4>\n\t\t\t\t\t\t\t<\/div>\n\t\t\t\n\t\t\t\t\t\t\t<div class=\"title-after_title  set-cont-mb-s reset-last-child  wd-fontsize-s\">Oferim o gam\u0103 variat\u0103 de servicii dedicate \u00eentre\u021binerii mormintelor, pentru a asigura c\u0103 locurile de veci ale celor dragi sunt mereu \u00eengrijite \u0219i \u00een perfect\u0103 stare:<\/p>\n<p>Cur\u0103\u021barea \u0219i \u00eentre\u021binerea mormintelor;<br \/>\nDepunerea de coroane de flori, jerbe \u0219i aranjamente florale, conform frecven\u021bei stabilite de dvs.;<br \/>\nSuplimentarea cu p\u0103m\u00e2nt fertil;<br \/>\nPlantarea florilor dorite;<br \/>\nAprinderea de lum\u00e2n\u0103ri sau candele pe morm\u00e2nt;<br \/>\nAlte servicii personalizate, stabilite \u00eempreun\u0103 cu dumneavoastr\u0103.<br \/>\nSuntem onora\u021bi s\u0103 v\u0103 oferim ajutorul nostru! Scopul nostru este s\u0103 \u00eengrijim locurile de veci ale celor dragi, astfel \u00eenc\u00e2t s\u0103 r\u0103m\u00e2n\u0103 \u00eentotdeauna curate, ordonate \u0219i bine \u00eentre\u021binute.<\/p>\n<p>Aceasta este o munc\u0103 realizat\u0103 cu respect fa\u021b\u0103 de cei care au fost odat\u0103 parte din via\u021ba noastr\u0103 \u2013 p\u0103rin\u021bi, bunici, rude sau prieteni. Vom acorda aceea\u0219i grij\u0103 \u0219i aten\u021bie locurilor de veci ale celor dragi dumneavoastr\u0103, a\u0219a cum am face-o pentru cei apropia\u021bi nou\u0103.<\/p>\n<p>Ne angaj\u0103m s\u0103 \u00eengrijim mormintele celor dragi cu devotamentul \u0219i respectul pe care le-ar acorda chiar dumneavoastr\u0103.<\/p>\n<p>Servim municipiul Chi\u0219in\u0103u, dar suntem disponibili \u0219i pentru deplas\u0103ri \u00een \u00eentreaga \u021bar\u0103.<\/p>\n<p>\u00cen\u021belegem c\u0103, de\u0219i dori\u021bi s\u0103 \u00eengriji\u021bi locurile de veci ale celor dragi, diverse dificult\u0103\u021bi \u2013 precum lipsa timpului, distan\u021ba sau alte motive personale \u2013 pot face acest lucru dificil. Nu v\u0103 face\u021bi griji! Ne pute\u021bi l\u0103sa pe noi s\u0103 ne ocup\u0103m de acest lucru, cu respect, devotament \u0219i demnitate.<\/p>\n<p>Indiferent dac\u0103 locui\u021bi \u00een afacerea \u021b\u0103rii, v-a\u021bi mutat \u00eentr-o alt\u0103 localitate sau ave\u021bi alte motive care fac greu de realizat \u00eengrijirea morm\u00e2ntului, suntem aici pentru a v\u0103 sprijini s\u0103 p\u0103stra\u021bi amintirea celor dragi \u00eentr-un mod demn.<\/div>\n\t\t\t\n\t\t\t\n\t\t<\/div>\n\t\t\n\t\t<\/div><\/div><\/div><div class=\"wpb_column vc_column_container vc_col-sm-12\"><div class=\"vc_column-inner\"><div class=\"wpb_wrapper\">\t\t<div id=\"wd-67b2fc880e8c0\" class=\"wd-text-block wd-wpb reset-last-child wd-rs-67b2fc880e8c0 text-left wd-fontsize-custom vc_custom_1739783316314\">\n\t\t\t<p>V\u0103 punem la dispozi\u021bie o gam\u0103 complet\u0103 de servicii pentru \u00eengrijirea mormintelor, pentru a asigura c\u0103 locurile de veci ale celor dragi r\u0103m\u00e2n curate \u0219i bine \u00eentre\u021binute:<\/p>\n<ul>\n<li>Cur\u0103\u021barea \u0219i \u00eentre\u021binerea mormintelor;<\/li>\n<li>Depunerea de coroane de flori, jerbe \u0219i aranjamente florale, conform frecven\u021bei alese de dvs.;<\/li>\n<li>Suplimentarea cu p\u0103m\u00e2nt fertil;<\/li>\n<li>Plantarea florilor preferate;<\/li>\n<li>Aprinderea de candele sau lum\u00e2n\u0103ri pe morm\u00e2nt;<\/li>\n<li>Alte servicii personalizate, stabilite \u00eempreun\u0103 cu dvs.<\/li>\n<\/ul>\n<p>Ne-ar face mare pl\u0103cere s\u0103 v\u0103 ajut\u0103m! Scopul nostru este s\u0103 \u00eengrijim locurile de veci ale celor dragi, pentru ca acestea s\u0103 arate \u00eentotdeauna frumos, curate, ordonate \u0219i \u00eengrijite.<\/p>\n<p>Este o munc\u0103 f\u0103cut\u0103 din respect fa\u021b\u0103 de cei care au fost odat\u0103 aici, bunici, p\u0103rin\u021bi, rude sau prieteni. Vom acorda aceea\u0219i aten\u021bie \u0219i grij\u0103 celor dragi dumneavoastr\u0103, a\u0219a cum am face-o pentru cei apropia\u021bi nou\u0103.<\/p>\n<p>Cu devotamentul \u0219i respectul cu care a\u021bi \u00eengriji personal mormintele celor dragi, v\u0103 oferim sprijinul nostru pentru a men\u021bine amintirea lor vie.<\/p>\n<p>Servim municipiul Chi\u0219in\u0103u \u0219i suntem disponibili pentru deplas\u0103ri \u00een \u00eentreaga \u021bar\u0103.<\/p>\n<p>\u00cen\u021belegem c\u0103, \u00een ciuda dorin\u021bei de a \u00eengriji locurile de veci ale celor dragi, adesea timpul, distan\u021ba sau dificult\u0103\u021bile personale fac ca acest lucru s\u0103 devin\u0103 greu de realizat. Nu v\u0103 face\u021bi griji! L\u0103sa\u021bi-ne pe noi s\u0103 ne ocup\u0103m de aceast\u0103 sarcin\u0103 \u00een locul dvs., cu demnitate, respect \u0219i devotament.<\/p>\n<p>Indiferent dac\u0103 locui\u021bi \u00een str\u0103in\u0103tate, v-a\u021bi mutat \u00een alt\u0103 localitate sau ave\u021bi alte motive care fac dificil\u0103 \u00eengrijirea locului de veci, suntem aici pentru a v\u0103 ajuta s\u0103 p\u0103stra\u021bi amintirea celor dragi a\u0219a cum se cuvine.<\/p>\n<blockquote>\n<p dir=\"ltr\"><strong>Abonament pentru curatarea unui mormint de 4 ori pe an (aprilie, iunie, august, octombrie)<\/strong><\/p>\n<p dir=\"ltr\"><strong>Pret:\u00a0<\/strong><em>120\u00a0<\/em>$<\/p>\n<p dir=\"ltr\"><strong>Acest abonemet include:<\/strong><\/p>\n<p dir=\"ltr\">colectarea gunoiului;<\/p>\n<p dir=\"ltr\">evacuarea gunoiului;<\/p>\n<p dir=\"ltr\">Curatarea de murdarie si curatarea umeda a locului unde sunt sadite florile (pl\u0103ci), gardului;<\/p>\n<p dir=\"ltr\">indepartarea buruienielor uscate;<\/p>\n<p dir=\"ltr\">udarea florilor;<\/p>\n<p dir=\"ltr\">fotografierea mormintului si transmiterea pe e-mail documentarii care justifica lucrarile executate.<\/p>\n<p dir=\"ltr\">Pretul ingrijirii locurilor de inmormantare in afara Chisinaului se mareste pentru cheltuielilor de drum calculat 5 lei\/1\u00a0\u00a0Km.<\/p>\n<\/blockquote>\n<blockquote>\n<p dir=\"ltr\"><strong>Abonament pentru o singura curatare a mormintului<\/strong><\/p>\n<p dir=\"ltr\"><strong>Pret:<\/strong>\u00a040\u00a0$<\/p>\n<p dir=\"ltr\"><strong>Acest abonemet include:<\/strong><\/p>\n<p dir=\"ltr\">colectarea gunoiului;<\/p>\n<p dir=\"ltr\">evacuarea gunoiului;<\/p>\n<p dir=\"ltr\">curatarea de murdarie si curatarea umeda a locului unde sunt sadite florile (pl\u0103ci), gardului ;<\/p>\n<p dir=\"ltr\">indepartarea buruienielor uscate;<\/p>\n<p dir=\"ltr\">idarea florilor;<\/p>\n<p dir=\"ltr\">fotografierea mormintului si transmiterea pe e-mail documentarii care justifica lucrarile executate.<\/p>\n<p dir=\"ltr\">&#8211; Pretul ingrijirii locurilor de inmormantare in afara Chisinaului se mareste pentru cheltuielilor de drum calculat 5 lei\/\u00a01Km.<\/p>\n<\/blockquote>\n\t\t<\/div>\n\t\t<\/div><\/div><\/div><\/div><div class=\"vc_row wpb_row vc_row-fluid vc_custom_1629877050232 wd-rs-6125f332edbdf\"><div class=\"wpb_column vc_column_container vc_col-sm-12\"><div class=\"vc_column-inner vc_custom_1615616838746\"><div class=\"wpb_wrapper\">\n\t\t<div id=\"wd-67b2e8f2bcabc\" class=\"title-wrapper wd-wpb set-mb-s reset-last-child  wd-rs-67b2e8f2bcabc wd-title-color-primary wd-title-style-default text-center  wd-underline-colored\">\n\t\t\t\n\t\t\t<div class=\"liner-continer\">\n\t\t\t\t<h4 class=\"woodmart-title-container title  wd-font-weight- wd-fontsize-xxl\" >De ce s\u0103 alege\u021bi serviciile noastre?<\/h4>\n\t\t\t\t\t\t\t<\/div>\n\t\t\t\n\t\t\t\t\t\t\t<div class=\"title-after_title  set-cont-mb-s reset-last-child  wd-fontsize-s\">Pentru c\u0103 v\u0103 suntem al\u0103turi cu:<\/div>\n\t\t\t\n\t\t\t\n\t\t<\/div>\n\t\t\n\t\t<\/div><\/div><\/div><div class=\"wpb_column vc_column_container vc_col-sm-6 vc_col-lg-3 vc_col-md-3 vc_col-xs-12\"><div class=\"vc_column-inner vc_custom_1615815117241\"><div class=\"wpb_wrapper\">\t\t\t<div class=\"info-box-wrapper\">\n\t\t\t\t<div id=\"wd-67b2edf160b30\" class=\"wd-rs-67b2edf160b30 cursor-pointer wd-info-box wd-wpb text-left box-icon-align-left box-style- color-scheme- wd-bg-none wd-items-top vc_custom_1739779573303\"  onclick=\"window.location.href=&quot;#&quot;\"  >\n\t\t\t\t\t\t\t\t\t\t<div class=\"info-box-content\">\n\t\t\t\t\t\t<h4 class=\"info-box-title title wd-font-weight- box-title-style-default wd-fontsize-m\">Cost 0<br \/>\nrepatriere deceda\u0163i<\/h4>\t\t\t\t\t\t<div class=\"info-box-inner set-cont-mb-s reset-last-child\">\n\t\t\t\t\t\t\t<p>Putem efectua repatrierea persoanei dragi la costuri 0 pentru dumneavoastr\u0103, dac\u0103 persoana decedat\u0103 a fost titulara unei poli\u0163e de asigurare de via\u0163\u0103. Noi ne vom ocupa de toate formalit\u0103\u0163ile \u015fi ne vom recupera cheltuielile direct de la asigurator.<\/p>\n\t\t\t\t\t\t<\/div>\n\n\t\t\t\t\t\t\t\t\t\t\t<\/div>\n\n\t\t\t\t\t\t\t\t\t<\/div>\n\t\t\t<\/div>\n\t\t<\/div><\/div><\/div><div class=\"wpb_column vc_column_container vc_col-sm-6 vc_col-lg-3 vc_col-md-3 vc_col-xs-12\"><div class=\"vc_column-inner vc_custom_1615815121127\"><div class=\"wpb_wrapper\">\t\t\t<div class=\"info-box-wrapper\">\n\t\t\t\t<div id=\"wd-67b2ede62d4b2\" class=\"wd-rs-67b2ede62d4b2 cursor-pointer wd-info-box wd-wpb text-left box-icon-align-left box-style- color-scheme- wd-bg-none wd-items-top vc_custom_1739779563388\"  onclick=\"window.location.href=&quot;#&quot;\"  >\n\t\t\t\t\t\t\t\t\t\t<div class=\"info-box-content\">\n\t\t\t\t\t\t<h4 class=\"info-box-title title wd-font-weight- box-title-style-default wd-fontsize-m\">Promptitudine \u0219i<br \/>\nprofesionalism<\/h4>\t\t\t\t\t\t<div class=\"info-box-inner set-cont-mb-s reset-last-child\">\n\t\t\t\t\t\t\t<p>Promtitudinea este unul dintre punctele noastre forte. Logistica \u0219i personalul nostru cu experien\u021b\u0103 \u00een domeniu ne permit \u00eentocmirea tuturor actelor necesare \u0219i efectuarea serviciului de repatrieri deceda\u021bi \u00eentr-un timp foarte scurt, cu maxim de profesionalism.<\/p>\n\t\t\t\t\t\t<\/div>\n\n\t\t\t\t\t\t\t\t\t\t\t<\/div>\n\n\t\t\t\t\t\t\t\t\t<\/div>\n\t\t\t<\/div>\n\t\t<\/div><\/div><\/div><div class=\"wpb_column vc_column_container vc_col-sm-6 vc_col-lg-3 vc_col-md-3 vc_col-xs-12\"><div class=\"vc_column-inner vc_custom_1615815129451\"><div class=\"wpb_wrapper\">\t\t\t<div class=\"info-box-wrapper\">\n\t\t\t\t<div id=\"wd-67b2eddd188b0\" class=\"wd-rs-67b2eddd188b0 cursor-pointer wd-info-box wd-wpb text-left box-icon-align-left box-style- color-scheme- wd-bg-none wd-items-top vc_custom_1739779553476\"  onclick=\"window.location.href=&quot;#&quot;\"  >\n\t\t\t\t\t\t\t\t\t\t<div class=\"info-box-content\">\n\t\t\t\t\t\t<h4 class=\"info-box-title title wd-font-weight- box-title-style-default wd-fontsize-m\">Pre\u021buri<br \/>\naccesibile<\/h4>\t\t\t\t\t\t<div class=\"info-box-inner set-cont-mb-s reset-last-child\">\n\t\t\t\t\t\t\t<\/p>\n<div class=\"box-card\">\n<p>V\u0103 punem la dispozi\u021bie serviciul de repatriere la pre\u021buri avantajoase. Costul este calculat pe loc, individual, lu\u00e2nd \u00een calcul: num\u0103rul de kilometri, costuri pentru ob\u021binerea documentelor, \u00eemb\u0103ls\u0103marea, manipularea, depozitarea la camera frigorific\u0103 etc.<\/p>\n<\/div>\n<div class=\"box-card\">\n<div class=\"box-card-head\"><\/div>\n<\/div>\n<p>\n\t\t\t\t\t\t<\/div>\n\n\t\t\t\t\t\t\t\t\t\t\t<\/div>\n\n\t\t\t\t\t\t\t\t\t<\/div>\n\t\t\t<\/div>\n\t\t<\/div><\/div><\/div><\/div>\n<\/div>","protected":false},"excerpt":{"rendered":"Ingrijirea mormintelor Ingrijirea mormintelor Oferim o gam\u0103 variat\u0103 de servicii dedicate \u00eentre\u021binerii mormintelor, pentru a asigura c\u0103 locurile de veci","protected":false},"author":1,"featured_media":0,"parent":0,"menu_order":0,"comment_status":"closed","ping_status":"closed","template":"","meta":{"footnotes":""},"class_list":["post-7194","page","type-page","status-publish","hentry"],"yoast_head":"<!-- This site is optimized with the Yoast SEO plugin v24.7 - https:\/\/yoast.com\/wordpress\/plugins\/seo\/ -->\n<title>Ingrijirea mormintelor - MonumenteVIP<\/title>\n<meta name=\"robots\" content=\"index, follow, max-snippet:-1, max-image-preview:large, max-video-preview:-1\" \/>\n<link rel=\"canonical\" href=\"https:\/\/monumentevip.md\/ru\/ingrijirea-mormintelor\/\" \/>\n<meta property=\"og:locale\" content=\"ru_RU\" \/>\n<meta property=\"og:type\" content=\"article\" \/>\n<meta property=\"og:title\" content=\"Ingrijirea mormintelor - MonumenteVIP\" \/>\n<meta property=\"og:url\" content=\"https:\/\/monumentevip.md\/ru\/ingrijirea-mormintelor\/\" \/>\n<meta property=\"og:site_name\" content=\"MonumenteVIP\" \/>\n<meta property=\"article:modified_time\" content=\"2025-02-17T09:13:17+00:00\" \/>\n<meta name=\"twitter:card\" content=\"summary_large_image\" \/>\n<meta name=\"twitter:label1\" content=\"\u041f\u0440\u0438\u043c\u0435\u0440\u043d\u043e\u0435 \u0432\u0440\u0435\u043c\u044f \u0434\u043b\u044f \u0447\u0442\u0435\u043d\u0438\u044f\" \/>\n\t<meta name=\"twitter:data1\" content=\"11 \u043c\u0438\u043d\u0443\u0442\" \/>\n<script type=\"application\/ld+json\" class=\"yoast-schema-graph\">{\"@context\":\"https:\/\/schema.org\",\"@graph\":[{\"@type\":\"WebPage\",\"@id\":\"https:\/\/monumentevip.md\/ingrijirea-mormintelor\/\",\"url\":\"https:\/\/monumentevip.md\/ingrijirea-mormintelor\/\",\"name\":\"Ingrijirea mormintelor - MonumenteVIP\",\"isPartOf\":{\"@id\":\"https:\/\/monumentevip.md\/#website\"},\"datePublished\":\"2025-02-17T08:45:20+00:00\",\"dateModified\":\"2025-02-17T09:13:17+00:00\",\"breadcrumb\":{\"@id\":\"https:\/\/monumentevip.md\/ingrijirea-mormintelor\/#breadcrumb\"},\"inLanguage\":\"ru-RU\",\"potentialAction\":[{\"@type\":\"ReadAction\",\"target\":[\"https:\/\/monumentevip.md\/ingrijirea-mormintelor\/\"]}]},{\"@type\":\"BreadcrumbList\",\"@id\":\"https:\/\/monumentevip.md\/ingrijirea-mormintelor\/#breadcrumb\",\"itemListElement\":[{\"@type\":\"ListItem\",\"position\":1,\"name\":\"Prima pagin\u0103\",\"item\":\"https:\/\/monumentevip.md\/\"},{\"@type\":\"ListItem\",\"position\":2,\"name\":\"Ingrijirea mormintelor\"}]},{\"@type\":\"WebSite\",\"@id\":\"https:\/\/monumentevip.md\/#website\",\"url\":\"https:\/\/monumentevip.md\/\",\"name\":\"MonumenteVIP\",\"description\":\"\",\"potentialAction\":[{\"@type\":\"SearchAction\",\"target\":{\"@type\":\"EntryPoint\",\"urlTemplate\":\"https:\/\/monumentevip.md\/?s={search_term_string}\"},\"query-input\":{\"@type\":\"PropertyValueSpecification\",\"valueRequired\":true,\"valueName\":\"search_term_string\"}}],\"inLanguage\":\"ru-RU\"}]}<\/script>\n<!-- \/ Yoast SEO plugin. -->","yoast_head_json":{"title":"Ingrijirea mormintelor - MonumenteVIP","robots":{"index":"index","follow":"follow","max-snippet":"max-snippet:-1","max-image-preview":"max-image-preview:large","max-video-preview":"max-video-preview:-1"},"canonical":"https:\/\/monumentevip.md\/ru\/ingrijirea-mormintelor\/","og_locale":"ru_RU","og_type":"article","og_title":"Ingrijirea mormintelor - MonumenteVIP","og_url":"https:\/\/monumentevip.md\/ru\/ingrijirea-mormintelor\/","og_site_name":"MonumenteVIP","article_modified_time":"2025-02-17T09:13:17+00:00","twitter_card":"summary_large_image","twitter_misc":{"\u041f\u0440\u0438\u043c\u0435\u0440\u043d\u043e\u0435 \u0432\u0440\u0435\u043c\u044f \u0434\u043b\u044f \u0447\u0442\u0435\u043d\u0438\u044f":"11 \u043c\u0438\u043d\u0443\u0442"},"schema":{"@context":"https:\/\/schema.org","@graph":[{"@type":"WebPage","@id":"https:\/\/monumentevip.md\/ingrijirea-mormintelor\/","url":"https:\/\/monumentevip.md\/ingrijirea-mormintelor\/","name":"Ingrijirea mormintelor - MonumenteVIP","isPartOf":{"@id":"https:\/\/monumentevip.md\/#website"},"datePublished":"2025-02-17T08:45:20+00:00","dateModified":"2025-02-17T09:13:17+00:00","breadcrumb":{"@id":"https:\/\/monumentevip.md\/ingrijirea-mormintelor\/#breadcrumb"},"inLanguage":"ru-RU","potentialAction":[{"@type":"ReadAction","target":["https:\/\/monumentevip.md\/ingrijirea-mormintelor\/"]}]},{"@type":"BreadcrumbList","@id":"https:\/\/monumentevip.md\/ingrijirea-mormintelor\/#breadcrumb","itemListElement":[{"@type":"ListItem","position":1,"name":"Prima pagin\u0103","item":"https:\/\/monumentevip.md\/"},{"@type":"ListItem","position":2,"name":"Ingrijirea mormintelor"}]},{"@type":"WebSite","@id":"https:\/\/monumentevip.md\/#website","url":"https:\/\/monumentevip.md\/","name":"MonumenteVIP","description":"","potentialAction":[{"@type":"SearchAction","target":{"@type":"EntryPoint","urlTemplate":"https:\/\/monumentevip.md\/?s={search_term_string}"},"query-input":{"@type":"PropertyValueSpecification","valueRequired":true,"valueName":"search_term_string"}}],"inLanguage":"ru-RU"}]}},"_links":{"self":[{"href":"https:\/\/monumentevip.md\/ru\/wp-json\/wp\/v2\/pages\/7194","targetHints":{"allow":["GET"]}}],"collection":[{"href":"https:\/\/monumentevip.md\/ru\/wp-json\/wp\/v2\/pages"}],"about":[{"href":"https:\/\/monumentevip.md\/ru\/wp-json\/wp\/v2\/types\/page"}],"author":[{"embeddable":true,"href":"https:\/\/monumentevip.md\/ru\/wp-json\/wp\/v2\/users\/1"}],"replies":[{"embeddable":true,"href":"https:\/\/monumentevip.md\/ru\/wp-json\/wp\/v2\/comments?post=7194"}],"version-history":[{"count":7,"href":"https:\/\/monumentevip.md\/ru\/wp-json\/wp\/v2\/pages\/7194\/revisions"}],"predecessor-version":[{"id":7202,"href":"https:\/\/monumentevip.md\/ru\/wp-json\/wp\/v2\/pages\/7194\/revisions\/7202"}],"wp:attachment":[{"href":"https:\/\/monumentevip.md\/ru\/wp-json\/wp\/v2\/media?parent=7194"}],"curies":[{"name":"wp","href":"https:\/\/api.w.org\/{rel}","templated":true}]}}