{"id":7207,"date":"2025-02-17T12:39:04","date_gmt":"2025-02-17T12:39:04","guid":{"rendered":"https:\/\/ritual.basme.md\/?page_id=7207"},"modified":"2025-02-17T13:29:36","modified_gmt":"2025-02-17T13:29:36","slug":"transportarea-si-montarea-monumentelor","status":"publish","type":"page","link":"https:\/\/monumentevip.md\/ru\/transportarea-si-montarea-monumentelor\/","title":{"rendered":"Transportarea si montarea monumentelor"},"content":{"rendered":"<div class=\"wpb-content-wrapper\"><div data-vc-full-width=\"true\" data-vc-full-width-init=\"false\" class=\"vc_row wpb_row vc_row-fluid vc_custom_1629876973406 vc_row-has-fill vc_row-o-content-middle vc_row-flex wd-rs-6125f2d9a9f9b\"><div class=\"wpb_column vc_column_container vc_col-sm-12 vc_col-lg-4 vc_col-md-4 vc_col-xs-12 wd-rs-6125f2fa74bd9\"><div class=\"vc_column-inner vc_custom_1629876989711\"><div class=\"wpb_wrapper\">\n\t\t<div id=\"wd-67b332bb81500\" class=\"title-wrapper wd-wpb set-mb-s reset-last-child  wd-rs-67b332bb81500 wd-title-color-primary wd-title-style-default text-left vc_custom_1739797184336 wd-width-enabled wd-underline-colored\" style=\"--wd-max-width: 90%;\">\n\t\t\t\n\t\t\t<div class=\"liner-continer\">\n\t\t\t\t<h4 class=\"woodmart-title-container title  wd-font-weight- wd-fontsize-xxl\" >Transportarea si montarea monumentelor<\/h4>\n\t\t\t\t\t\t\t<\/div>\n\t\t\t\n\t\t\t\n\t\t\t\n\t\t<\/div>\n\t\t\n\t\t<\/div><\/div><\/div><\/div><div class=\"vc_row-full-width vc_clearfix\"><\/div><div class=\"vc_row wpb_row vc_row-fluid vc_custom_1629877038080 row-reverse-mobile row-reverse-tablet wd-rs-6125f32826e3d\"><div class=\"wpb_column vc_column_container vc_col-sm-12 vc_col-lg-6 vc_col-md-6 wd-rs-6125f30edad72\"><div class=\"vc_column-inner vc_custom_1629877010833\"><div class=\"wpb_wrapper\">\t\t<div id=\"wd-67b32f17695fc\" class=\"wd-image wd-wpb wd-rs-67b32f17695fc text-left vc_custom_1739796294480\">\n\t\t\t\n\t\t\t<img loading=\"lazy\" decoding=\"async\" width=\"2048\" height=\"1536\" src=\"https:\/\/monumentevip.md\/wp-content\/uploads\/2025\/02\/depozitul-de-cruci.jpg\" class=\"attachment-full\" alt=\"\" title=\"depozitul-de-cruci\" srcset=\"https:\/\/monumentevip.md\/wp-content\/uploads\/2025\/02\/depozitul-de-cruci.jpg 2048w, https:\/\/monumentevip.md\/wp-content\/uploads\/2025\/02\/depozitul-de-cruci-400x300.jpg 400w, https:\/\/monumentevip.md\/wp-content\/uploads\/2025\/02\/depozitul-de-cruci-1067x800.jpg 1067w, https:\/\/monumentevip.md\/wp-content\/uploads\/2025\/02\/depozitul-de-cruci-768x576.jpg 768w, https:\/\/monumentevip.md\/wp-content\/uploads\/2025\/02\/depozitul-de-cruci-1536x1152.jpg 1536w, https:\/\/monumentevip.md\/wp-content\/uploads\/2025\/02\/depozitul-de-cruci-16x12.jpg 16w, https:\/\/monumentevip.md\/wp-content\/uploads\/2025\/02\/depozitul-de-cruci-860x645.jpg 860w, https:\/\/monumentevip.md\/wp-content\/uploads\/2025\/02\/depozitul-de-cruci-430x323.jpg 430w, https:\/\/monumentevip.md\/wp-content\/uploads\/2025\/02\/depozitul-de-cruci-700x525.jpg 700w, https:\/\/monumentevip.md\/wp-content\/uploads\/2025\/02\/depozitul-de-cruci-150x113.jpg 150w\" sizes=\"auto, (max-width: 2048px) 100vw, 2048px\" \/>\n\t\t\t\t\t<\/div>\n\t\t<\/div><\/div><\/div><div class=\"wpb_column vc_column_container vc_col-sm-12 vc_col-lg-offset-1 vc_col-lg-5 vc_col-md-6 vc_col-xs-12 wd-rs-6125f320eb687\"><div class=\"vc_column-inner vc_custom_1629877027060\"><div class=\"wpb_wrapper\">\n\t\t<div id=\"wd-67b3399e34b4d\" class=\"title-wrapper wd-wpb set-mb-s reset-last-child  wd-rs-67b3399e34b4d wd-title-color-primary wd-title-style-default text-left vc_custom_1739798945342 wd-underline-colored\">\n\t\t\t\n\t\t\t<div class=\"liner-continer\">\n\t\t\t\t<h4 class=\"woodmart-title-container title  wd-font-weight- wd-fontsize-xxl\" >Servicii Profesionale de Transport \u0219i Montare a Monumentelor Funerare<\/h4>\n\t\t\t\t\t\t\t<\/div>\n\t\t\t\n\t\t\t\n\t\t\t\n\t\t<\/div>\n\t\t\n\t\t\t\t<div id=\"wd-67b338fc2b1f0\" class=\"wd-text-block wd-wpb reset-last-child wd-rs-67b338fc2b1f0 text-left wd-fontsize-custom vc_custom_1739798787300\">\n\t\t\t<p data-start=\"75\" data-end=\"196\">Oferim solu\u021bii complete pentru transportul \u0219i montarea monumentelor funerare, asigur\u00e2ndu-v\u0103 un proces simplu \u0219i eficient.<\/p>\n<h4 data-start=\"198\" data-end=\"235\">Transportul Monumentelor Funerare<\/h4>\n<p data-start=\"237\" data-end=\"383\">Garant\u0103m transportul rapid \u0219i gratuit al monumentelor funerare pe \u00eentreg teritoriul Republicii Moldova, direct la locul stabilit de dumneavoastr\u0103.<\/p>\n<p data-start=\"385\" data-end=\"419\"><strong data-start=\"385\" data-end=\"419\">Montarea Monumentelor Funerare<\/strong><\/p>\n<p data-start=\"421\" data-end=\"531\">Echipa noastr\u0103 este preg\u0103tit\u0103 s\u0103 se ocupe de montarea monumentelor funerare cu maxim\u0103 grij\u0103 \u0219i profesionalism:<\/p>\n<p data-start=\"421\" data-end=\"531\">Pentru orice detalii suplimentare sau solicit\u0103ri, nu ezita\u021bi s\u0103 ne contacta\u021bi. Suntem aici pentru a v\u0103 oferi servicii de \u00eenalt\u0103 calitate, disponibile \u00een \u00eentreaga \u021bar\u0103.<\/p>\n\t\t<\/div>\n\t\t<\/div><\/div><\/div><div class=\"wpb_column vc_column_container vc_col-sm-12\"><div class=\"vc_column-inner\"><div class=\"wpb_wrapper\">\t\t<div id=\"wd-67b32ed13e237\" class=\"wd-text-block wd-wpb reset-last-child wd-rs-67b32ed13e237 text-left wd-fontsize-custom vc_custom_1739796186436\">\n\t\t\t<h2 data-start=\"212\" data-end=\"249\">Transportul Monumentelor Funerare<\/h2>\n<p data-start=\"251\" data-end=\"401\">Asigur\u0103m transportul monumentelor funerare la loca\u021bia indicat\u0103 de dumneavoastr\u0103, f\u0103r\u0103 niciun cost suplimentar pe \u00eentreg teritoriul Republicii Moldova.<\/p>\n\t\t<\/div>\n\t\t\t\t<div id=\"wd-67b32e71e4f4a\" class=\"wd-text-block wd-wpb reset-last-child wd-rs-67b32e71e4f4a text-left wd-fontsize-custom vc_custom_1739796087820\">\n\t\t\t<p data-start=\"39\" data-end=\"134\">Oferim servicii de transport pentru monumentele funerare c\u0103tre loca\u021bia aleas\u0103 de dumneavoastr\u0103.<\/p>\n<p data-start=\"136\" data-end=\"197\">Transportul monumentelor pe teritoriul Moldovei este gratuit.<\/p>\n<p data-start=\"199\" data-end=\"289\">Asigur\u0103m servicii de \u00eenalt\u0103 calitate, disponibile pe \u00eentreg teritoriul Republicii Moldova.<\/p>\n<p data-start=\"291\" data-end=\"316\"><strong data-start=\"291\" data-end=\"316\">Montarea Monumentelor<\/strong><\/p>\n<p data-start=\"318\" data-end=\"382\">Suntem aici pentru a v\u0103 ajuta cu montarea monumentelor funerare.<\/p>\n<p data-start=\"384\" data-end=\"438\">Montarea unui monument standard \u00eencepe de la 4000 lei.<\/p>\n<p data-start=\"440\" data-end=\"491\">Montarea unui monument dublu \u00eencepe de la 6000 lei.<\/p>\n<p data-start=\"493\" data-end=\"574\" data-is-last-node=\"\">Pentru orice solicitare sau informa\u021bii suplimentare, nu ezita\u021bi s\u0103 ne contacta\u021bi.<\/p>\n\t\t<\/div>\n\t\t<\/div><\/div><\/div><\/div>\n<\/div>","protected":false},"excerpt":{"rendered":"Transportarea si montarea monumentelor Servicii Profesionale de Transport \u0219i Montare a Monumentelor Funerare Oferim solu\u021bii complete pentru transportul \u0219i montarea","protected":false},"author":1,"featured_media":0,"parent":0,"menu_order":0,"comment_status":"closed","ping_status":"closed","template":"","meta":{"footnotes":""},"class_list":["post-7207","page","type-page","status-publish","hentry"],"yoast_head":"<!-- This site is optimized with the Yoast SEO plugin v24.7 - https:\/\/yoast.com\/wordpress\/plugins\/seo\/ -->\n<title>Transportarea si montarea monumentelor - MonumenteVIP<\/title>\n<meta name=\"robots\" content=\"index, follow, max-snippet:-1, max-image-preview:large, max-video-preview:-1\" \/>\n<link rel=\"canonical\" href=\"https:\/\/monumentevip.md\/ru\/transportarea-si-montarea-monumentelor\/\" \/>\n<meta property=\"og:locale\" content=\"ru_RU\" \/>\n<meta property=\"og:type\" content=\"article\" \/>\n<meta property=\"og:title\" content=\"Transportarea si montarea monumentelor - MonumenteVIP\" \/>\n<meta property=\"og:url\" content=\"https:\/\/monumentevip.md\/ru\/transportarea-si-montarea-monumentelor\/\" \/>\n<meta property=\"og:site_name\" content=\"MonumenteVIP\" \/>\n<meta property=\"article:modified_time\" content=\"2025-02-17T13:29:36+00:00\" \/>\n<meta name=\"twitter:card\" content=\"summary_large_image\" \/>\n<meta name=\"twitter:label1\" content=\"\u041f\u0440\u0438\u043c\u0435\u0440\u043d\u043e\u0435 \u0432\u0440\u0435\u043c\u044f \u0434\u043b\u044f \u0447\u0442\u0435\u043d\u0438\u044f\" \/>\n\t<meta name=\"twitter:data1\" content=\"6 \u043c\u0438\u043d\u0443\u0442\" \/>\n<script type=\"application\/ld+json\" class=\"yoast-schema-graph\">{\"@context\":\"https:\/\/schema.org\",\"@graph\":[{\"@type\":\"WebPage\",\"@id\":\"https:\/\/monumentevip.md\/transportarea-si-montarea-monumentelor\/\",\"url\":\"https:\/\/monumentevip.md\/transportarea-si-montarea-monumentelor\/\",\"name\":\"Transportarea si montarea monumentelor - MonumenteVIP\",\"isPartOf\":{\"@id\":\"https:\/\/monumentevip.md\/#website\"},\"datePublished\":\"2025-02-17T12:39:04+00:00\",\"dateModified\":\"2025-02-17T13:29:36+00:00\",\"breadcrumb\":{\"@id\":\"https:\/\/monumentevip.md\/transportarea-si-montarea-monumentelor\/#breadcrumb\"},\"inLanguage\":\"ru-RU\",\"potentialAction\":[{\"@type\":\"ReadAction\",\"target\":[\"https:\/\/monumentevip.md\/transportarea-si-montarea-monumentelor\/\"]}]},{\"@type\":\"BreadcrumbList\",\"@id\":\"https:\/\/monumentevip.md\/transportarea-si-montarea-monumentelor\/#breadcrumb\",\"itemListElement\":[{\"@type\":\"ListItem\",\"position\":1,\"name\":\"Prima pagin\u0103\",\"item\":\"https:\/\/monumentevip.md\/\"},{\"@type\":\"ListItem\",\"position\":2,\"name\":\"Transportarea si montarea monumentelor\"}]},{\"@type\":\"WebSite\",\"@id\":\"https:\/\/monumentevip.md\/#website\",\"url\":\"https:\/\/monumentevip.md\/\",\"name\":\"MonumenteVIP\",\"description\":\"\",\"potentialAction\":[{\"@type\":\"SearchAction\",\"target\":{\"@type\":\"EntryPoint\",\"urlTemplate\":\"https:\/\/monumentevip.md\/?s={search_term_string}\"},\"query-input\":{\"@type\":\"PropertyValueSpecification\",\"valueRequired\":true,\"valueName\":\"search_term_string\"}}],\"inLanguage\":\"ru-RU\"}]}<\/script>\n<!-- \/ Yoast SEO plugin. -->","yoast_head_json":{"title":"Transportarea si montarea monumentelor - MonumenteVIP","robots":{"index":"index","follow":"follow","max-snippet":"max-snippet:-1","max-image-preview":"max-image-preview:large","max-video-preview":"max-video-preview:-1"},"canonical":"https:\/\/monumentevip.md\/ru\/transportarea-si-montarea-monumentelor\/","og_locale":"ru_RU","og_type":"article","og_title":"Transportarea si montarea monumentelor - MonumenteVIP","og_url":"https:\/\/monumentevip.md\/ru\/transportarea-si-montarea-monumentelor\/","og_site_name":"MonumenteVIP","article_modified_time":"2025-02-17T13:29:36+00:00","twitter_card":"summary_large_image","twitter_misc":{"\u041f\u0440\u0438\u043c\u0435\u0440\u043d\u043e\u0435 \u0432\u0440\u0435\u043c\u044f \u0434\u043b\u044f \u0447\u0442\u0435\u043d\u0438\u044f":"6 \u043c\u0438\u043d\u0443\u0442"},"schema":{"@context":"https:\/\/schema.org","@graph":[{"@type":"WebPage","@id":"https:\/\/monumentevip.md\/transportarea-si-montarea-monumentelor\/","url":"https:\/\/monumentevip.md\/transportarea-si-montarea-monumentelor\/","name":"Transportarea si montarea monumentelor - MonumenteVIP","isPartOf":{"@id":"https:\/\/monumentevip.md\/#website"},"datePublished":"2025-02-17T12:39:04+00:00","dateModified":"2025-02-17T13:29:36+00:00","breadcrumb":{"@id":"https:\/\/monumentevip.md\/transportarea-si-montarea-monumentelor\/#breadcrumb"},"inLanguage":"ru-RU","potentialAction":[{"@type":"ReadAction","target":["https:\/\/monumentevip.md\/transportarea-si-montarea-monumentelor\/"]}]},{"@type":"BreadcrumbList","@id":"https:\/\/monumentevip.md\/transportarea-si-montarea-monumentelor\/#breadcrumb","itemListElement":[{"@type":"ListItem","position":1,"name":"Prima pagin\u0103","item":"https:\/\/monumentevip.md\/"},{"@type":"ListItem","position":2,"name":"Transportarea si montarea monumentelor"}]},{"@type":"WebSite","@id":"https:\/\/monumentevip.md\/#website","url":"https:\/\/monumentevip.md\/","name":"MonumenteVIP","description":"","potentialAction":[{"@type":"SearchAction","target":{"@type":"EntryPoint","urlTemplate":"https:\/\/monumentevip.md\/?s={search_term_string}"},"query-input":{"@type":"PropertyValueSpecification","valueRequired":true,"valueName":"search_term_string"}}],"inLanguage":"ru-RU"}]}},"_links":{"self":[{"href":"https:\/\/monumentevip.md\/ru\/wp-json\/wp\/v2\/pages\/7207","targetHints":{"allow":["GET"]}}],"collection":[{"href":"https:\/\/monumentevip.md\/ru\/wp-json\/wp\/v2\/pages"}],"about":[{"href":"https:\/\/monumentevip.md\/ru\/wp-json\/wp\/v2\/types\/page"}],"author":[{"embeddable":true,"href":"https:\/\/monumentevip.md\/ru\/wp-json\/wp\/v2\/users\/1"}],"replies":[{"embeddable":true,"href":"https:\/\/monumentevip.md\/ru\/wp-json\/wp\/v2\/comments?post=7207"}],"version-history":[{"count":10,"href":"https:\/\/monumentevip.md\/ru\/wp-json\/wp\/v2\/pages\/7207\/revisions"}],"predecessor-version":[{"id":7221,"href":"https:\/\/monumentevip.md\/ru\/wp-json\/wp\/v2\/pages\/7207\/revisions\/7221"}],"wp:attachment":[{"href":"https:\/\/monumentevip.md\/ru\/wp-json\/wp\/v2\/media?parent=7207"}],"curies":[{"name":"wp","href":"https:\/\/api.w.org\/{rel}","templated":true}]}}