{"id":8114,"date":"2025-09-19T14:17:03","date_gmt":"2025-09-19T14:17:03","guid":{"rendered":"https:\/\/monumentevip.md\/?post_type=product&#038;p=8114"},"modified":"2025-09-19T14:17:04","modified_gmt":"2025-09-19T14:17:04","slug":"monument-in-forma-de-cruce-pk-9","status":"publish","type":"product","link":"https:\/\/monumentevip.md\/ru\/product\/monument-in-forma-de-cruce-pk-9\/","title":{"rendered":"Monument \u00een form\u0103 de cruce PK-9"},"content":{"rendered":"<p>Monument \u00een form\u0103 de cruce din combina\u021bia a dou\u0103 materiale \u2013 granit \u0219i marmur\u0103. Este un monument creat cu dragoste \u0219i realizat cu grij\u0103 de c\u0103tre speciali\u0219tii no\u0219tri, care va exprima iubirea \u0219i amintirea fa\u021b\u0103 de persoanele dragi. Liniile bine conturate \u0219i detaliile sculptate cu precizie creeaz\u0103 un aspect impresionant, care va r\u0103m\u00e2ne un simbol etern al memoriei \u0219i iubirii pentru cei pleca\u021bi. Alege\u021bi acest monument pentru a cinsti memoria celor apropia\u021bi.<\/p>","protected":false},"excerpt":{"rendered":"<p>Monument \u00een form\u0103 de cruce din combina\u021bia a dou\u0103 materiale \u2013 granit \u0219i marmur\u0103. Este un monument creat cu dragoste<\/p>","protected":false},"featured_media":8115,"template":"","meta":[],"product_brand":[],"product_cat":[33,78],"product_tag":[],"class_list":{"0":"post-8114","1":"product","2":"type-product","3":"status-publish","4":"has-post-thumbnail","6":"product_cat-monumente-funerare","7":"product_cat-monumente-vip","9":"first","10":"instock","11":"shipping-taxable","12":"product-type-simple"},"yoast_head":"<!-- This site is optimized with the Yoast SEO plugin v24.7 - https:\/\/yoast.com\/wordpress\/plugins\/seo\/ -->\n<title>Monument \u00een form\u0103 de cruce PK-9 - MonumenteVIP<\/title>\n<meta name=\"robots\" content=\"index, follow, max-snippet:-1, max-image-preview:large, max-video-preview:-1\" \/>\n<link rel=\"canonical\" href=\"https:\/\/monumentevip.md\/ru\/product\/monument-in-forma-de-cruce-pk-9\/\" \/>\n<meta property=\"og:locale\" content=\"ru_RU\" \/>\n<meta property=\"og:type\" content=\"article\" \/>\n<meta property=\"og:title\" content=\"Monument \u00een form\u0103 de cruce PK-9 - MonumenteVIP\" \/>\n<meta property=\"og:description\" content=\"Monument \u00een form\u0103 de cruce din combina\u021bia a dou\u0103 materiale \u2013 granit \u0219i marmur\u0103. Este un monument creat cu dragoste\" \/>\n<meta property=\"og:url\" content=\"https:\/\/monumentevip.md\/ru\/product\/monument-in-forma-de-cruce-pk-9\/\" \/>\n<meta property=\"og:site_name\" content=\"MonumenteVIP\" \/>\n<meta property=\"article:modified_time\" content=\"2025-09-19T14:17:04+00:00\" \/>\n<meta property=\"og:image\" content=\"https:\/\/monumentevip.md\/wp-content\/uploads\/2025\/09\/wmremove-transformed-3.jpeg\" \/>\n\t<meta property=\"og:image:width\" content=\"1000\" \/>\n\t<meta property=\"og:image:height\" content=\"1000\" \/>\n\t<meta property=\"og:image:type\" content=\"image\/jpeg\" \/>\n<meta name=\"twitter:card\" content=\"summary_large_image\" \/>\n<meta name=\"twitter:label1\" content=\"\u041f\u0440\u0438\u043c\u0435\u0440\u043d\u043e\u0435 \u0432\u0440\u0435\u043c\u044f \u0434\u043b\u044f \u0447\u0442\u0435\u043d\u0438\u044f\" \/>\n\t<meta name=\"twitter:data1\" content=\"1 \u043c\u0438\u043d\u0443\u0442\u0430\" \/>\n<script type=\"application\/ld+json\" class=\"yoast-schema-graph\">{\"@context\":\"https:\/\/schema.org\",\"@graph\":[{\"@type\":\"WebPage\",\"@id\":\"https:\/\/monumentevip.md\/produs\/monument-in-forma-de-cruce-pk-9\/\",\"url\":\"https:\/\/monumentevip.md\/produs\/monument-in-forma-de-cruce-pk-9\/\",\"name\":\"Monument \u00een form\u0103 de cruce PK-9 - MonumenteVIP\",\"isPartOf\":{\"@id\":\"https:\/\/monumentevip.md\/#website\"},\"primaryImageOfPage\":{\"@id\":\"https:\/\/monumentevip.md\/produs\/monument-in-forma-de-cruce-pk-9\/#primaryimage\"},\"image\":{\"@id\":\"https:\/\/monumentevip.md\/produs\/monument-in-forma-de-cruce-pk-9\/#primaryimage\"},\"thumbnailUrl\":\"https:\/\/monumentevip.md\/wp-content\/uploads\/2025\/09\/wmremove-transformed-3.jpeg\",\"datePublished\":\"2025-09-19T14:17:03+00:00\",\"dateModified\":\"2025-09-19T14:17:04+00:00\",\"breadcrumb\":{\"@id\":\"https:\/\/monumentevip.md\/produs\/monument-in-forma-de-cruce-pk-9\/#breadcrumb\"},\"inLanguage\":\"ru-RU\",\"potentialAction\":[{\"@type\":\"ReadAction\",\"target\":[\"https:\/\/monumentevip.md\/produs\/monument-in-forma-de-cruce-pk-9\/\"]}]},{\"@type\":\"ImageObject\",\"inLanguage\":\"ru-RU\",\"@id\":\"https:\/\/monumentevip.md\/produs\/monument-in-forma-de-cruce-pk-9\/#primaryimage\",\"url\":\"https:\/\/monumentevip.md\/wp-content\/uploads\/2025\/09\/wmremove-transformed-3.jpeg\",\"contentUrl\":\"https:\/\/monumentevip.md\/wp-content\/uploads\/2025\/09\/wmremove-transformed-3.jpeg\",\"width\":1000,\"height\":1000},{\"@type\":\"BreadcrumbList\",\"@id\":\"https:\/\/monumentevip.md\/produs\/monument-in-forma-de-cruce-pk-9\/#breadcrumb\",\"itemListElement\":[{\"@type\":\"ListItem\",\"position\":1,\"name\":\"Prima pagin\u0103\",\"item\":\"https:\/\/monumentevip.md\/\"},{\"@type\":\"ListItem\",\"position\":2,\"name\":\"Shop\",\"item\":\"https:\/\/monumentevip.md\/shop\/\"},{\"@type\":\"ListItem\",\"position\":3,\"name\":\"Monument \u00een form\u0103 de cruce PK-9\"}]},{\"@type\":\"WebSite\",\"@id\":\"https:\/\/monumentevip.md\/#website\",\"url\":\"https:\/\/monumentevip.md\/\",\"name\":\"MonumenteVIP\",\"description\":\"\",\"potentialAction\":[{\"@type\":\"SearchAction\",\"target\":{\"@type\":\"EntryPoint\",\"urlTemplate\":\"https:\/\/monumentevip.md\/?s={search_term_string}\"},\"query-input\":{\"@type\":\"PropertyValueSpecification\",\"valueRequired\":true,\"valueName\":\"search_term_string\"}}],\"inLanguage\":\"ru-RU\"}]}<\/script>\n<!-- \/ Yoast SEO plugin. -->","yoast_head_json":{"title":"Monument \u00een form\u0103 de cruce PK-9 - MonumenteVIP","robots":{"index":"index","follow":"follow","max-snippet":"max-snippet:-1","max-image-preview":"max-image-preview:large","max-video-preview":"max-video-preview:-1"},"canonical":"https:\/\/monumentevip.md\/ru\/product\/monument-in-forma-de-cruce-pk-9\/","og_locale":"ru_RU","og_type":"article","og_title":"Monument \u00een form\u0103 de cruce PK-9 - MonumenteVIP","og_description":"Monument \u00een form\u0103 de cruce din combina\u021bia a dou\u0103 materiale \u2013 granit \u0219i marmur\u0103. Este un monument creat cu dragoste","og_url":"https:\/\/monumentevip.md\/ru\/product\/monument-in-forma-de-cruce-pk-9\/","og_site_name":"MonumenteVIP","article_modified_time":"2025-09-19T14:17:04+00:00","og_image":[{"width":1000,"height":1000,"url":"https:\/\/monumentevip.md\/wp-content\/uploads\/2025\/09\/wmremove-transformed-3.jpeg","type":"image\/jpeg"}],"twitter_card":"summary_large_image","twitter_misc":{"\u041f\u0440\u0438\u043c\u0435\u0440\u043d\u043e\u0435 \u0432\u0440\u0435\u043c\u044f \u0434\u043b\u044f \u0447\u0442\u0435\u043d\u0438\u044f":"1 \u043c\u0438\u043d\u0443\u0442\u0430"},"schema":{"@context":"https:\/\/schema.org","@graph":[{"@type":"WebPage","@id":"https:\/\/monumentevip.md\/produs\/monument-in-forma-de-cruce-pk-9\/","url":"https:\/\/monumentevip.md\/produs\/monument-in-forma-de-cruce-pk-9\/","name":"Monument \u00een form\u0103 de cruce PK-9 - MonumenteVIP","isPartOf":{"@id":"https:\/\/monumentevip.md\/#website"},"primaryImageOfPage":{"@id":"https:\/\/monumentevip.md\/produs\/monument-in-forma-de-cruce-pk-9\/#primaryimage"},"image":{"@id":"https:\/\/monumentevip.md\/produs\/monument-in-forma-de-cruce-pk-9\/#primaryimage"},"thumbnailUrl":"https:\/\/monumentevip.md\/wp-content\/uploads\/2025\/09\/wmremove-transformed-3.jpeg","datePublished":"2025-09-19T14:17:03+00:00","dateModified":"2025-09-19T14:17:04+00:00","breadcrumb":{"@id":"https:\/\/monumentevip.md\/produs\/monument-in-forma-de-cruce-pk-9\/#breadcrumb"},"inLanguage":"ru-RU","potentialAction":[{"@type":"ReadAction","target":["https:\/\/monumentevip.md\/produs\/monument-in-forma-de-cruce-pk-9\/"]}]},{"@type":"ImageObject","inLanguage":"ru-RU","@id":"https:\/\/monumentevip.md\/produs\/monument-in-forma-de-cruce-pk-9\/#primaryimage","url":"https:\/\/monumentevip.md\/wp-content\/uploads\/2025\/09\/wmremove-transformed-3.jpeg","contentUrl":"https:\/\/monumentevip.md\/wp-content\/uploads\/2025\/09\/wmremove-transformed-3.jpeg","width":1000,"height":1000},{"@type":"BreadcrumbList","@id":"https:\/\/monumentevip.md\/produs\/monument-in-forma-de-cruce-pk-9\/#breadcrumb","itemListElement":[{"@type":"ListItem","position":1,"name":"Prima pagin\u0103","item":"https:\/\/monumentevip.md\/"},{"@type":"ListItem","position":2,"name":"Shop","item":"https:\/\/monumentevip.md\/shop\/"},{"@type":"ListItem","position":3,"name":"Monument \u00een form\u0103 de cruce PK-9"}]},{"@type":"WebSite","@id":"https:\/\/monumentevip.md\/#website","url":"https:\/\/monumentevip.md\/","name":"MonumenteVIP","description":"","potentialAction":[{"@type":"SearchAction","target":{"@type":"EntryPoint","urlTemplate":"https:\/\/monumentevip.md\/?s={search_term_string}"},"query-input":{"@type":"PropertyValueSpecification","valueRequired":true,"valueName":"search_term_string"}}],"inLanguage":"ru-RU"}]}},"_links":{"self":[{"href":"https:\/\/monumentevip.md\/ru\/wp-json\/wp\/v2\/product\/8114","targetHints":{"allow":["GET"]}}],"collection":[{"href":"https:\/\/monumentevip.md\/ru\/wp-json\/wp\/v2\/product"}],"about":[{"href":"https:\/\/monumentevip.md\/ru\/wp-json\/wp\/v2\/types\/product"}],"wp:featuredmedia":[{"embeddable":true,"href":"https:\/\/monumentevip.md\/ru\/wp-json\/wp\/v2\/media\/8115"}],"wp:attachment":[{"href":"https:\/\/monumentevip.md\/ru\/wp-json\/wp\/v2\/media?parent=8114"}],"wp:term":[{"taxonomy":"product_brand","embeddable":true,"href":"https:\/\/monumentevip.md\/ru\/wp-json\/wp\/v2\/product_brand?post=8114"},{"taxonomy":"product_cat","embeddable":true,"href":"https:\/\/monumentevip.md\/ru\/wp-json\/wp\/v2\/product_cat?post=8114"},{"taxonomy":"product_tag","embeddable":true,"href":"https:\/\/monumentevip.md\/ru\/wp-json\/wp\/v2\/product_tag?post=8114"}],"curies":[{"name":"wp","href":"https:\/\/api.w.org\/{rel}","templated":true}]}}