{"id":8207,"date":"2025-10-15T13:44:54","date_gmt":"2025-10-15T13:44:54","guid":{"rendered":"https:\/\/monumentevip.md\/?post_type=product&#038;p=8207"},"modified":"2025-10-15T13:44:54","modified_gmt":"2025-10-15T13:44:54","slug":"monumentul-mgr006","status":"publish","type":"product","link":"https:\/\/monumentevip.md\/ru\/product\/monumentul-mgr006\/","title":{"rendered":"MONUMENTUL MGR006"},"content":{"rendered":"","protected":false},"excerpt":{"rendered":"<div class=\"g-cols wpb_row via_grid cols_2 laptops-cols_inherit tablets-cols_inherit mobiles-cols_1 valign_top type_default stacking_default\">\n<div class=\"wpb_column vc_column_container\">\n<div class=\"vc_column-inner\">\n<div class=\"w-tabs layout_hor style_default switch_click has_scrolling initialized\">\n<div class=\"w-tabs-sections titles-align_none icon_chevron cpos_right\">\n<div id=\"hdb9\" class=\"w-tabs-section active\">\n<div id=\"content-hdb9\" class=\"w-tabs-section-content\">\n<div class=\"w-tabs-section-content-h i-cf\">\n<div class=\"w-post-elm post_content without_sections\">\n<p>MONUMENT DIN GRANIT GABBRO DISPONIBIL PENTRU COMAND\u0102! ACEST MONUMENT ELEGANT \u0218I DURABIL ESTE CONFEC\u021aIONAT DIN GRANIT GABBRO DE \u00ceNALT\u0102 CALITATE. COSTUL MONUMENTULUI INCLUDE DIMENSIUNEA STANDARD DE 1X0,5X0,06 (M), IAR PRE\u021aUL POATE VARIA \u00ceN FUNC\u021aIE DE DIMENSIUNILE ALESE DE CLIENT.<\/p>\n<p>MONUMENTUL NOSTRU DIN GRANIT GABBRO ESTE REALIZAT CU ATEN\u021aIE LA DETALII \u0218I PREZINT\u0102 O DURABILITATE REMARCABIL\u0102. GRANITUL GABBRO CONFER\u0102 MONUMENTULUI UN ASPECT ELEGANT \u0218I SOLEMN, CARE SE POTRIVE\u0218TE PERFECT \u00ceNTR-UN CIMITIR SAU ORICE ALT LOC DE COMEMORARE.<\/p>\n<p>PENTRU INFORMA\u021aII SUPLIMENTARE DESPRE DIMENSIUNILE DISPONIBILE \u0218I PRE\u021aURILE CORESPUNZ\u0102TOARE, V\u0102 RUG\u0102M S\u0102 NE CONTACTA\u021aI \u2014\u00a0<strong>06 777 91 92<\/strong>. ECHIPA NOASTR\u0102 V\u0102 VA OFERI TOATE DETALIILE NECESARE PENTRU A ALEGE MONUMENTUL POTRIVIT PENTRU PERSOANA DRAG\u0102 PE CARE DORI\u021aI S\u0102 O COMEMORA\u021aI.<\/p>\n<\/div>\n<\/div>\n<\/div>\n<\/div>\n<\/div>\n<\/div>\n<\/div>\n<\/div>\n<\/div>","protected":false},"featured_media":8208,"template":"","meta":[],"product_brand":[],"product_cat":[81,33],"product_tag":[],"class_list":{"0":"post-8207","1":"product","2":"type-product","3":"status-publish","4":"has-post-thumbnail","6":"product_cat-monumente-econom","7":"product_cat-monumente-funerare","9":"first","10":"instock","11":"shipping-taxable","12":"purchasable","13":"product-type-variable"},"yoast_head":"<!-- This site is optimized with the Yoast SEO plugin v24.7 - https:\/\/yoast.com\/wordpress\/plugins\/seo\/ -->\n<title>MONUMENTUL MGR006 - MonumenteVIP<\/title>\n<meta name=\"robots\" content=\"index, follow, max-snippet:-1, max-image-preview:large, max-video-preview:-1\" \/>\n<link rel=\"canonical\" href=\"https:\/\/monumentevip.md\/ru\/product\/monumentul-mgr006\/\" \/>\n<meta property=\"og:locale\" content=\"ru_RU\" \/>\n<meta property=\"og:type\" content=\"article\" \/>\n<meta property=\"og:title\" content=\"MONUMENTUL MGR006 - MonumenteVIP\" \/>\n<meta property=\"og:description\" content=\"MONUMENT DIN GRANIT GABBRO DISPONIBIL PENTRU COMAND\u0102! ACEST MONUMENT ELEGANT \u0218I DURABIL ESTE CONFEC\u021aIONAT DIN GRANIT GABBRO DE \u00ceNALT\u0102 CALITATE. COSTUL MONUMENTULUI INCLUDE DIMENSIUNEA STANDARD DE 1X0,5X0,06 (M), IAR PRE\u021aUL POATE VARIA \u00ceN FUNC\u021aIE DE DIMENSIUNILE ALESE DE CLIENT.  MONUMENTUL NOSTRU DIN GRANIT GABBRO ESTE REALIZAT CU ATEN\u021aIE LA DETALII \u0218I PREZINT\u0102 O DURABILITATE REMARCABIL\u0102. GRANITUL GABBRO CONFER\u0102 MONUMENTULUI UN ASPECT ELEGANT \u0218I SOLEMN, CARE SE POTRIVE\u0218TE PERFECT \u00ceNTR-UN CIMITIR SAU ORICE ALT LOC DE COMEMORARE.  PENTRU INFORMA\u021aII SUPLIMENTARE DESPRE DIMENSIUNILE DISPONIBILE \u0218I PRE\u021aURILE CORESPUNZ\u0102TOARE, V\u0102 RUG\u0102M S\u0102 NE CONTACTA\u021aI \u2014\u00a006 777 91 92. ECHIPA NOASTR\u0102 V\u0102 VA OFERI TOATE DETALIILE NECESARE PENTRU A ALEGE MONUMENTUL POTRIVIT PENTRU PERSOANA DRAG\u0102 PE CARE DORI\u021aI S\u0102 O COMEMORA\u021aI.\" \/>\n<meta property=\"og:url\" content=\"https:\/\/monumentevip.md\/ru\/product\/monumentul-mgr006\/\" \/>\n<meta property=\"og:site_name\" content=\"MonumenteVIP\" \/>\n<meta property=\"og:image\" content=\"https:\/\/monumentevip.md\/wp-content\/uploads\/2025\/10\/DeWatermark.ai_1760535708927.jpeg\" \/>\n\t<meta property=\"og:image:width\" content=\"800\" \/>\n\t<meta property=\"og:image:height\" content=\"800\" \/>\n\t<meta property=\"og:image:type\" content=\"image\/jpeg\" \/>\n<meta name=\"twitter:card\" content=\"summary_large_image\" \/>\n<meta name=\"twitter:label1\" content=\"\u041f\u0440\u0438\u043c\u0435\u0440\u043d\u043e\u0435 \u0432\u0440\u0435\u043c\u044f \u0434\u043b\u044f \u0447\u0442\u0435\u043d\u0438\u044f\" \/>\n\t<meta name=\"twitter:data1\" content=\"1 \u043c\u0438\u043d\u0443\u0442\u0430\" \/>\n<script type=\"application\/ld+json\" class=\"yoast-schema-graph\">{\"@context\":\"https:\/\/schema.org\",\"@graph\":[{\"@type\":\"WebPage\",\"@id\":\"https:\/\/monumentevip.md\/produs\/monumentul-mgr006\/\",\"url\":\"https:\/\/monumentevip.md\/produs\/monumentul-mgr006\/\",\"name\":\"MONUMENTUL MGR006 - MonumenteVIP\",\"isPartOf\":{\"@id\":\"https:\/\/monumentevip.md\/#website\"},\"primaryImageOfPage\":{\"@id\":\"https:\/\/monumentevip.md\/produs\/monumentul-mgr006\/#primaryimage\"},\"image\":{\"@id\":\"https:\/\/monumentevip.md\/produs\/monumentul-mgr006\/#primaryimage\"},\"thumbnailUrl\":\"https:\/\/monumentevip.md\/wp-content\/uploads\/2025\/10\/DeWatermark.ai_1760535708927.jpeg\",\"datePublished\":\"2025-10-15T13:44:54+00:00\",\"breadcrumb\":{\"@id\":\"https:\/\/monumentevip.md\/produs\/monumentul-mgr006\/#breadcrumb\"},\"inLanguage\":\"ru-RU\",\"potentialAction\":[{\"@type\":\"ReadAction\",\"target\":[\"https:\/\/monumentevip.md\/produs\/monumentul-mgr006\/\"]}]},{\"@type\":\"ImageObject\",\"inLanguage\":\"ru-RU\",\"@id\":\"https:\/\/monumentevip.md\/produs\/monumentul-mgr006\/#primaryimage\",\"url\":\"https:\/\/monumentevip.md\/wp-content\/uploads\/2025\/10\/DeWatermark.ai_1760535708927.jpeg\",\"contentUrl\":\"https:\/\/monumentevip.md\/wp-content\/uploads\/2025\/10\/DeWatermark.ai_1760535708927.jpeg\",\"width\":800,\"height\":800},{\"@type\":\"BreadcrumbList\",\"@id\":\"https:\/\/monumentevip.md\/produs\/monumentul-mgr006\/#breadcrumb\",\"itemListElement\":[{\"@type\":\"ListItem\",\"position\":1,\"name\":\"Prima pagin\u0103\",\"item\":\"https:\/\/monumentevip.md\/\"},{\"@type\":\"ListItem\",\"position\":2,\"name\":\"Shop\",\"item\":\"https:\/\/monumentevip.md\/shop\/\"},{\"@type\":\"ListItem\",\"position\":3,\"name\":\"MONUMENTUL MGR006\"}]},{\"@type\":\"WebSite\",\"@id\":\"https:\/\/monumentevip.md\/#website\",\"url\":\"https:\/\/monumentevip.md\/\",\"name\":\"MonumenteVIP\",\"description\":\"\",\"potentialAction\":[{\"@type\":\"SearchAction\",\"target\":{\"@type\":\"EntryPoint\",\"urlTemplate\":\"https:\/\/monumentevip.md\/?s={search_term_string}\"},\"query-input\":{\"@type\":\"PropertyValueSpecification\",\"valueRequired\":true,\"valueName\":\"search_term_string\"}}],\"inLanguage\":\"ru-RU\"}]}<\/script>\n<!-- \/ Yoast SEO plugin. -->","yoast_head_json":{"title":"MONUMENTUL MGR006 - MonumenteVIP","robots":{"index":"index","follow":"follow","max-snippet":"max-snippet:-1","max-image-preview":"max-image-preview:large","max-video-preview":"max-video-preview:-1"},"canonical":"https:\/\/monumentevip.md\/ru\/product\/monumentul-mgr006\/","og_locale":"ru_RU","og_type":"article","og_title":"MONUMENTUL MGR006 - MonumenteVIP","og_description":"MONUMENT DIN GRANIT GABBRO DISPONIBIL PENTRU COMAND\u0102! ACEST MONUMENT ELEGANT \u0218I DURABIL ESTE CONFEC\u021aIONAT DIN GRANIT GABBRO DE \u00ceNALT\u0102 CALITATE. COSTUL MONUMENTULUI INCLUDE DIMENSIUNEA STANDARD DE 1X0,5X0,06 (M), IAR PRE\u021aUL POATE VARIA \u00ceN FUNC\u021aIE DE DIMENSIUNILE ALESE DE CLIENT.  MONUMENTUL NOSTRU DIN GRANIT GABBRO ESTE REALIZAT CU ATEN\u021aIE LA DETALII \u0218I PREZINT\u0102 O DURABILITATE REMARCABIL\u0102. GRANITUL GABBRO CONFER\u0102 MONUMENTULUI UN ASPECT ELEGANT \u0218I SOLEMN, CARE SE POTRIVE\u0218TE PERFECT \u00ceNTR-UN CIMITIR SAU ORICE ALT LOC DE COMEMORARE.  PENTRU INFORMA\u021aII SUPLIMENTARE DESPRE DIMENSIUNILE DISPONIBILE \u0218I PRE\u021aURILE CORESPUNZ\u0102TOARE, V\u0102 RUG\u0102M S\u0102 NE CONTACTA\u021aI \u2014\u00a006 777 91 92. ECHIPA NOASTR\u0102 V\u0102 VA OFERI TOATE DETALIILE NECESARE PENTRU A ALEGE MONUMENTUL POTRIVIT PENTRU PERSOANA DRAG\u0102 PE CARE DORI\u021aI S\u0102 O COMEMORA\u021aI.","og_url":"https:\/\/monumentevip.md\/ru\/product\/monumentul-mgr006\/","og_site_name":"MonumenteVIP","og_image":[{"width":800,"height":800,"url":"https:\/\/monumentevip.md\/wp-content\/uploads\/2025\/10\/DeWatermark.ai_1760535708927.jpeg","type":"image\/jpeg"}],"twitter_card":"summary_large_image","twitter_misc":{"\u041f\u0440\u0438\u043c\u0435\u0440\u043d\u043e\u0435 \u0432\u0440\u0435\u043c\u044f \u0434\u043b\u044f \u0447\u0442\u0435\u043d\u0438\u044f":"1 \u043c\u0438\u043d\u0443\u0442\u0430"},"schema":{"@context":"https:\/\/schema.org","@graph":[{"@type":"WebPage","@id":"https:\/\/monumentevip.md\/produs\/monumentul-mgr006\/","url":"https:\/\/monumentevip.md\/produs\/monumentul-mgr006\/","name":"MONUMENTUL MGR006 - MonumenteVIP","isPartOf":{"@id":"https:\/\/monumentevip.md\/#website"},"primaryImageOfPage":{"@id":"https:\/\/monumentevip.md\/produs\/monumentul-mgr006\/#primaryimage"},"image":{"@id":"https:\/\/monumentevip.md\/produs\/monumentul-mgr006\/#primaryimage"},"thumbnailUrl":"https:\/\/monumentevip.md\/wp-content\/uploads\/2025\/10\/DeWatermark.ai_1760535708927.jpeg","datePublished":"2025-10-15T13:44:54+00:00","breadcrumb":{"@id":"https:\/\/monumentevip.md\/produs\/monumentul-mgr006\/#breadcrumb"},"inLanguage":"ru-RU","potentialAction":[{"@type":"ReadAction","target":["https:\/\/monumentevip.md\/produs\/monumentul-mgr006\/"]}]},{"@type":"ImageObject","inLanguage":"ru-RU","@id":"https:\/\/monumentevip.md\/produs\/monumentul-mgr006\/#primaryimage","url":"https:\/\/monumentevip.md\/wp-content\/uploads\/2025\/10\/DeWatermark.ai_1760535708927.jpeg","contentUrl":"https:\/\/monumentevip.md\/wp-content\/uploads\/2025\/10\/DeWatermark.ai_1760535708927.jpeg","width":800,"height":800},{"@type":"BreadcrumbList","@id":"https:\/\/monumentevip.md\/produs\/monumentul-mgr006\/#breadcrumb","itemListElement":[{"@type":"ListItem","position":1,"name":"Prima pagin\u0103","item":"https:\/\/monumentevip.md\/"},{"@type":"ListItem","position":2,"name":"Shop","item":"https:\/\/monumentevip.md\/shop\/"},{"@type":"ListItem","position":3,"name":"MONUMENTUL MGR006"}]},{"@type":"WebSite","@id":"https:\/\/monumentevip.md\/#website","url":"https:\/\/monumentevip.md\/","name":"MonumenteVIP","description":"","potentialAction":[{"@type":"SearchAction","target":{"@type":"EntryPoint","urlTemplate":"https:\/\/monumentevip.md\/?s={search_term_string}"},"query-input":{"@type":"PropertyValueSpecification","valueRequired":true,"valueName":"search_term_string"}}],"inLanguage":"ru-RU"}]}},"_links":{"self":[{"href":"https:\/\/monumentevip.md\/ru\/wp-json\/wp\/v2\/product\/8207","targetHints":{"allow":["GET"]}}],"collection":[{"href":"https:\/\/monumentevip.md\/ru\/wp-json\/wp\/v2\/product"}],"about":[{"href":"https:\/\/monumentevip.md\/ru\/wp-json\/wp\/v2\/types\/product"}],"wp:featuredmedia":[{"embeddable":true,"href":"https:\/\/monumentevip.md\/ru\/wp-json\/wp\/v2\/media\/8208"}],"wp:attachment":[{"href":"https:\/\/monumentevip.md\/ru\/wp-json\/wp\/v2\/media?parent=8207"}],"wp:term":[{"taxonomy":"product_brand","embeddable":true,"href":"https:\/\/monumentevip.md\/ru\/wp-json\/wp\/v2\/product_brand?post=8207"},{"taxonomy":"product_cat","embeddable":true,"href":"https:\/\/monumentevip.md\/ru\/wp-json\/wp\/v2\/product_cat?post=8207"},{"taxonomy":"product_tag","embeddable":true,"href":"https:\/\/monumentevip.md\/ru\/wp-json\/wp\/v2\/product_tag?post=8207"}],"curies":[{"name":"wp","href":"https:\/\/api.w.org\/{rel}","templated":true}]}}